{"id":1558,"date":"2022-09-06T22:04:47","date_gmt":"2022-09-06T20:04:47","guid":{"rendered":"https:\/\/produktumgeneral.hu\/?post_type=product&#038;p=1558"},"modified":"2022-09-08T19:31:10","modified_gmt":"2022-09-08T17:31:10","slug":"magas-fekvotamaszozo","status":"publish","type":"product","link":"https:\/\/produktumgeneral.hu\/en\/product\/magas-fekvotamaszozo\/","title":{"rendered":"High push-up platform"},"content":{"rendered":"<p>The high push-up platform is a horizontal bar placed at a higher level, which can be used for elevated bench presses and jump-overs. The two exercises can be combined to achieve a more functional workout. For example: one push-up \u2192 jump over the bar \u2192 push-up on the other side \u2192 jump over the bar.<\/p>","protected":false},"excerpt":{"rendered":"[et_pb_section global_module=\"1842\"][\/et_pb_section]","protected":false},"featured_media":1553,"template":"","meta":{"_et_pb_use_builder":"","_et_pb_old_content":"","_et_gb_content_width":""},"product_brand":[],"product_cat":[45],"product_tag":[],"class_list":{"0":"post-1558","1":"product","2":"type-product","3":"status-publish","4":"has-post-thumbnail","6":"product_cat-street-workout-elemek","8":"first","9":"instock","10":"taxable","11":"shipping-taxable","12":"purchasable","13":"product-type-simple"},"yoast_head":"<!-- This site is optimized with the Yoast SEO plugin v27.4 - https:\/\/yoast.com\/product\/yoast-seo-wordpress\/ -->\n<title>Magas fekv\u0151t\u00e1maszoz\u00f3 - Produktum Gener\u00e1l Kft.<\/title>\n<meta name=\"robots\" content=\"index, follow, max-snippet:-1, max-image-preview:large, max-video-preview:-1\" \/>\n<link rel=\"canonical\" href=\"https:\/\/produktumgeneral.hu\/en\/product\/magas-fekvotamaszozo\/\" \/>\n<meta property=\"og:locale\" content=\"en_GB\" \/>\n<meta property=\"og:type\" content=\"article\" \/>\n<meta property=\"og:title\" content=\"Magas fekv\u0151t\u00e1maszoz\u00f3 - Produktum Gener\u00e1l Kft.\" \/>\n<meta property=\"og:url\" content=\"https:\/\/produktumgeneral.hu\/en\/product\/magas-fekvotamaszozo\/\" \/>\n<meta property=\"og:site_name\" content=\"Produktum Gener\u00e1l Kft.\" \/>\n<meta property=\"article:modified_time\" content=\"2022-09-08T17:31:10+00:00\" \/>\n<meta property=\"og:image\" content=\"https:\/\/produktumgeneral.hu\/wp-content\/uploads\/2022\/09\/magas.jpg\" \/>\n\t<meta property=\"og:image:width\" content=\"1572\" \/>\n\t<meta property=\"og:image:height\" content=\"1577\" \/>\n\t<meta property=\"og:image:type\" content=\"image\/jpeg\" \/>\n<meta name=\"twitter:card\" content=\"summary_large_image\" \/>\n<meta name=\"twitter:description\" content=\"[dondivi_layout id=&quot;1842&quot;]\" \/>\n<script type=\"application\/ld+json\" class=\"yoast-schema-graph\">{\"@context\":\"https:\\\/\\\/schema.org\",\"@graph\":[{\"@type\":\"WebPage\",\"@id\":\"https:\\\/\\\/produktumgeneral.hu\\\/termek\\\/magas-fekvotamaszozo\\\/\",\"url\":\"https:\\\/\\\/produktumgeneral.hu\\\/termek\\\/magas-fekvotamaszozo\\\/\",\"name\":\"Magas fekv\u0151t\u00e1maszoz\u00f3 - Produktum Gener\u00e1l Kft.\",\"isPartOf\":{\"@id\":\"https:\\\/\\\/produktumgeneral.hu\\\/#website\"},\"primaryImageOfPage\":{\"@id\":\"https:\\\/\\\/produktumgeneral.hu\\\/termek\\\/magas-fekvotamaszozo\\\/#primaryimage\"},\"image\":{\"@id\":\"https:\\\/\\\/produktumgeneral.hu\\\/termek\\\/magas-fekvotamaszozo\\\/#primaryimage\"},\"thumbnailUrl\":\"https:\\\/\\\/produktumgeneral.hu\\\/wp-content\\\/uploads\\\/2022\\\/09\\\/magas.jpg\",\"datePublished\":\"2022-09-06T20:04:47+00:00\",\"dateModified\":\"2022-09-08T17:31:10+00:00\",\"breadcrumb\":{\"@id\":\"https:\\\/\\\/produktumgeneral.hu\\\/termek\\\/magas-fekvotamaszozo\\\/#breadcrumb\"},\"inLanguage\":\"en-GB\",\"potentialAction\":[{\"@type\":\"ReadAction\",\"target\":[\"https:\\\/\\\/produktumgeneral.hu\\\/termek\\\/magas-fekvotamaszozo\\\/\"]}]},{\"@type\":\"ImageObject\",\"inLanguage\":\"en-GB\",\"@id\":\"https:\\\/\\\/produktumgeneral.hu\\\/termek\\\/magas-fekvotamaszozo\\\/#primaryimage\",\"url\":\"https:\\\/\\\/produktumgeneral.hu\\\/wp-content\\\/uploads\\\/2022\\\/09\\\/magas.jpg\",\"contentUrl\":\"https:\\\/\\\/produktumgeneral.hu\\\/wp-content\\\/uploads\\\/2022\\\/09\\\/magas.jpg\",\"width\":1572,\"height\":1577},{\"@type\":\"BreadcrumbList\",\"@id\":\"https:\\\/\\\/produktumgeneral.hu\\\/termek\\\/magas-fekvotamaszozo\\\/#breadcrumb\",\"itemListElement\":[{\"@type\":\"ListItem\",\"position\":1,\"name\":\"Home\",\"item\":\"https:\\\/\\\/produktumgeneral.hu\\\/\"},{\"@type\":\"ListItem\",\"position\":2,\"name\":\"Term\u00e9keink\",\"item\":\"https:\\\/\\\/produktumgeneral.hu\\\/termekeink\\\/\"},{\"@type\":\"ListItem\",\"position\":3,\"name\":\"Magas fekv\u0151t\u00e1maszoz\u00f3\"}]},{\"@type\":\"WebSite\",\"@id\":\"https:\\\/\\\/produktumgeneral.hu\\\/#website\",\"url\":\"https:\\\/\\\/produktumgeneral.hu\\\/\",\"name\":\"Produktum Gener\u00e1l Kft.\",\"description\":\"Tapasztalt szakember csapattal az \u00d6n\u00f6k szolg\u00e1lat\u00e1ban. -- TERVEZ\u00dcNK-\u00c9P\u00cdT\u00dcNK-FEL\u00daJ\u00cdTUNK  --\",\"potentialAction\":[{\"@type\":\"SearchAction\",\"target\":{\"@type\":\"EntryPoint\",\"urlTemplate\":\"https:\\\/\\\/produktumgeneral.hu\\\/?s={search_term_string}\"},\"query-input\":{\"@type\":\"PropertyValueSpecification\",\"valueRequired\":true,\"valueName\":\"search_term_string\"}}],\"inLanguage\":\"en-GB\"}]}<\/script>\n<!-- \/ Yoast SEO plugin. -->","yoast_head_json":{"title":"Magas fekv\u0151t\u00e1maszoz\u00f3 - Produktum Gener\u00e1l Kft.","robots":{"index":"index","follow":"follow","max-snippet":"max-snippet:-1","max-image-preview":"max-image-preview:large","max-video-preview":"max-video-preview:-1"},"canonical":"https:\/\/produktumgeneral.hu\/en\/product\/magas-fekvotamaszozo\/","og_locale":"en_GB","og_type":"article","og_title":"Magas fekv\u0151t\u00e1maszoz\u00f3 - Produktum Gener\u00e1l Kft.","og_url":"https:\/\/produktumgeneral.hu\/en\/product\/magas-fekvotamaszozo\/","og_site_name":"Produktum Gener\u00e1l Kft.","article_modified_time":"2022-09-08T17:31:10+00:00","og_image":[{"width":1572,"height":1577,"url":"https:\/\/produktumgeneral.hu\/wp-content\/uploads\/2022\/09\/magas.jpg","type":"image\/jpeg"}],"twitter_card":"summary_large_image","twitter_description":"[dondivi_layout id=\"1842\"]","schema":{"@context":"https:\/\/schema.org","@graph":[{"@type":"WebPage","@id":"https:\/\/produktumgeneral.hu\/termek\/magas-fekvotamaszozo\/","url":"https:\/\/produktumgeneral.hu\/termek\/magas-fekvotamaszozo\/","name":"Magas fekv\u0151t\u00e1maszoz\u00f3 - Produktum Gener\u00e1l Kft.","isPartOf":{"@id":"https:\/\/produktumgeneral.hu\/#website"},"primaryImageOfPage":{"@id":"https:\/\/produktumgeneral.hu\/termek\/magas-fekvotamaszozo\/#primaryimage"},"image":{"@id":"https:\/\/produktumgeneral.hu\/termek\/magas-fekvotamaszozo\/#primaryimage"},"thumbnailUrl":"https:\/\/produktumgeneral.hu\/wp-content\/uploads\/2022\/09\/magas.jpg","datePublished":"2022-09-06T20:04:47+00:00","dateModified":"2022-09-08T17:31:10+00:00","breadcrumb":{"@id":"https:\/\/produktumgeneral.hu\/termek\/magas-fekvotamaszozo\/#breadcrumb"},"inLanguage":"en-GB","potentialAction":[{"@type":"ReadAction","target":["https:\/\/produktumgeneral.hu\/termek\/magas-fekvotamaszozo\/"]}]},{"@type":"ImageObject","inLanguage":"en-GB","@id":"https:\/\/produktumgeneral.hu\/termek\/magas-fekvotamaszozo\/#primaryimage","url":"https:\/\/produktumgeneral.hu\/wp-content\/uploads\/2022\/09\/magas.jpg","contentUrl":"https:\/\/produktumgeneral.hu\/wp-content\/uploads\/2022\/09\/magas.jpg","width":1572,"height":1577},{"@type":"BreadcrumbList","@id":"https:\/\/produktumgeneral.hu\/termek\/magas-fekvotamaszozo\/#breadcrumb","itemListElement":[{"@type":"ListItem","position":1,"name":"Home","item":"https:\/\/produktumgeneral.hu\/"},{"@type":"ListItem","position":2,"name":"Term\u00e9keink","item":"https:\/\/produktumgeneral.hu\/termekeink\/"},{"@type":"ListItem","position":3,"name":"Magas fekv\u0151t\u00e1maszoz\u00f3"}]},{"@type":"WebSite","@id":"https:\/\/produktumgeneral.hu\/#website","url":"https:\/\/produktumgeneral.hu\/","name":"Produktum Gener\u00e1l Ltd.","description":"Tapasztalt szakember csapattal az \u00d6n\u00f6k szolg\u00e1lat\u00e1ban. -- TERVEZ\u00dcNK-\u00c9P\u00cdT\u00dcNK-FEL\u00daJ\u00cdTUNK  --","potentialAction":[{"@type":"SearchAction","target":{"@type":"EntryPoint","urlTemplate":"https:\/\/produktumgeneral.hu\/?s={search_term_string}"},"query-input":{"@type":"PropertyValueSpecification","valueRequired":true,"valueName":"search_term_string"}}],"inLanguage":"en-GB"}]}},"_links":{"self":[{"href":"https:\/\/produktumgeneral.hu\/en\/wp-json\/wp\/v2\/product\/1558","targetHints":{"allow":["GET"]}}],"collection":[{"href":"https:\/\/produktumgeneral.hu\/en\/wp-json\/wp\/v2\/product"}],"about":[{"href":"https:\/\/produktumgeneral.hu\/en\/wp-json\/wp\/v2\/types\/product"}],"wp:featuredmedia":[{"embeddable":true,"href":"https:\/\/produktumgeneral.hu\/en\/wp-json\/wp\/v2\/media\/1553"}],"wp:attachment":[{"href":"https:\/\/produktumgeneral.hu\/en\/wp-json\/wp\/v2\/media?parent=1558"}],"wp:term":[{"taxonomy":"product_brand","embeddable":true,"href":"https:\/\/produktumgeneral.hu\/en\/wp-json\/wp\/v2\/product_brand?post=1558"},{"taxonomy":"product_cat","embeddable":true,"href":"https:\/\/produktumgeneral.hu\/en\/wp-json\/wp\/v2\/product_cat?post=1558"},{"taxonomy":"product_tag","embeddable":true,"href":"https:\/\/produktumgeneral.hu\/en\/wp-json\/wp\/v2\/product_tag?post=1558"}],"curies":[{"name":"wp","href":"https:\/\/api.w.org\/{rel}","templated":true}]}}