{"id":1526,"date":"2022-09-06T21:56:56","date_gmt":"2022-09-06T19:56:56","guid":{"rendered":"https:\/\/produktumgeneral.hu\/?post_type=product&#038;p=1526"},"modified":"2022-09-11T14:19:58","modified_gmt":"2022-09-11T12:19:58","slug":"vizszintes-letra-majomletra","status":"publish","type":"product","link":"https:\/\/produktumgeneral.hu\/en\/product\/vizszintes-letra-majomletra\/","title":{"rendered":"Horizontal ladder\/monkey ladder"},"content":{"rendered":"<p>The monkey bars allow you to perform dynamic hanging, an essential element of workout training. There are variations with different levels of difficulty, which strengthen the forearm muscles, the broad back, the biceps, the deltoids and the abdominal muscles. These exercises can also be performed on a simple pole, but the monkey bars give you more flexibility to combine different training elements, making the workout more varied and enjoyable.<\/p>","protected":false},"excerpt":{"rendered":"[et_pb_section global_module=\"1859\"][\/et_pb_section]","protected":false},"featured_media":1528,"template":"","meta":{"_et_pb_use_builder":"","_et_pb_old_content":"","_et_gb_content_width":""},"product_brand":[],"product_cat":[45],"product_tag":[],"class_list":{"0":"post-1526","1":"product","2":"type-product","3":"status-publish","4":"has-post-thumbnail","6":"product_cat-street-workout-elemek","8":"first","9":"instock","10":"taxable","11":"shipping-taxable","12":"purchasable","13":"product-type-simple"},"yoast_head":"<!-- This site is optimized with the Yoast SEO plugin v27.4 - https:\/\/yoast.com\/product\/yoast-seo-wordpress\/ -->\n<title>V\u00edzszintes l\u00e9tra\/majoml\u00e9tra - Produktum Gener\u00e1l Kft.<\/title>\n<meta name=\"robots\" content=\"index, follow, max-snippet:-1, max-image-preview:large, max-video-preview:-1\" \/>\n<link rel=\"canonical\" href=\"https:\/\/produktumgeneral.hu\/en\/product\/vizszintes-letra-majomletra\/\" \/>\n<meta property=\"og:locale\" content=\"en_GB\" \/>\n<meta property=\"og:type\" content=\"article\" \/>\n<meta property=\"og:title\" content=\"V\u00edzszintes l\u00e9tra\/majoml\u00e9tra - Produktum Gener\u00e1l Kft.\" \/>\n<meta property=\"og:url\" content=\"https:\/\/produktumgeneral.hu\/en\/product\/vizszintes-letra-majomletra\/\" \/>\n<meta property=\"og:site_name\" content=\"Produktum Gener\u00e1l Kft.\" \/>\n<meta property=\"article:modified_time\" content=\"2022-09-11T12:19:58+00:00\" \/>\n<meta property=\"og:image\" content=\"https:\/\/produktumgeneral.hu\/wp-content\/uploads\/2022\/09\/2.-vizszintes-letra-majomletra-jpg-scaled.jpg\" \/>\n\t<meta property=\"og:image:width\" content=\"2560\" \/>\n\t<meta property=\"og:image:height\" content=\"2504\" \/>\n\t<meta property=\"og:image:type\" content=\"image\/jpeg\" \/>\n<meta name=\"twitter:card\" content=\"summary_large_image\" \/>\n<meta name=\"twitter:description\" content=\"[dondivi_layout id=&quot;1859&quot;]\" \/>\n<meta name=\"twitter:label1\" content=\"Estimated reading time\" \/>\n\t<meta name=\"twitter:data1\" content=\"1 minute\" \/>\n<script type=\"application\/ld+json\" class=\"yoast-schema-graph\">{\"@context\":\"https:\\\/\\\/schema.org\",\"@graph\":[{\"@type\":\"WebPage\",\"@id\":\"https:\\\/\\\/produktumgeneral.hu\\\/termek\\\/vizszintes-letra-majomletra\\\/\",\"url\":\"https:\\\/\\\/produktumgeneral.hu\\\/termek\\\/vizszintes-letra-majomletra\\\/\",\"name\":\"V\u00edzszintes l\u00e9tra\\\/majoml\u00e9tra - Produktum Gener\u00e1l Kft.\",\"isPartOf\":{\"@id\":\"https:\\\/\\\/produktumgeneral.hu\\\/#website\"},\"primaryImageOfPage\":{\"@id\":\"https:\\\/\\\/produktumgeneral.hu\\\/termek\\\/vizszintes-letra-majomletra\\\/#primaryimage\"},\"image\":{\"@id\":\"https:\\\/\\\/produktumgeneral.hu\\\/termek\\\/vizszintes-letra-majomletra\\\/#primaryimage\"},\"thumbnailUrl\":\"https:\\\/\\\/produktumgeneral.hu\\\/wp-content\\\/uploads\\\/2022\\\/09\\\/2.-vizszintes-letra-majomletra-jpg-scaled.jpg\",\"datePublished\":\"2022-09-06T19:56:56+00:00\",\"dateModified\":\"2022-09-11T12:19:58+00:00\",\"breadcrumb\":{\"@id\":\"https:\\\/\\\/produktumgeneral.hu\\\/termek\\\/vizszintes-letra-majomletra\\\/#breadcrumb\"},\"inLanguage\":\"en-GB\",\"potentialAction\":[{\"@type\":\"ReadAction\",\"target\":[\"https:\\\/\\\/produktumgeneral.hu\\\/termek\\\/vizszintes-letra-majomletra\\\/\"]}]},{\"@type\":\"ImageObject\",\"inLanguage\":\"en-GB\",\"@id\":\"https:\\\/\\\/produktumgeneral.hu\\\/termek\\\/vizszintes-letra-majomletra\\\/#primaryimage\",\"url\":\"https:\\\/\\\/produktumgeneral.hu\\\/wp-content\\\/uploads\\\/2022\\\/09\\\/2.-vizszintes-letra-majomletra-jpg-scaled.jpg\",\"contentUrl\":\"https:\\\/\\\/produktumgeneral.hu\\\/wp-content\\\/uploads\\\/2022\\\/09\\\/2.-vizszintes-letra-majomletra-jpg-scaled.jpg\",\"width\":2560,\"height\":2504},{\"@type\":\"BreadcrumbList\",\"@id\":\"https:\\\/\\\/produktumgeneral.hu\\\/termek\\\/vizszintes-letra-majomletra\\\/#breadcrumb\",\"itemListElement\":[{\"@type\":\"ListItem\",\"position\":1,\"name\":\"Home\",\"item\":\"https:\\\/\\\/produktumgeneral.hu\\\/\"},{\"@type\":\"ListItem\",\"position\":2,\"name\":\"Term\u00e9keink\",\"item\":\"https:\\\/\\\/produktumgeneral.hu\\\/termekeink\\\/\"},{\"@type\":\"ListItem\",\"position\":3,\"name\":\"V\u00edzszintes l\u00e9tra\\\/majoml\u00e9tra\"}]},{\"@type\":\"WebSite\",\"@id\":\"https:\\\/\\\/produktumgeneral.hu\\\/#website\",\"url\":\"https:\\\/\\\/produktumgeneral.hu\\\/\",\"name\":\"Produktum Gener\u00e1l Kft.\",\"description\":\"Tapasztalt szakember csapattal az \u00d6n\u00f6k szolg\u00e1lat\u00e1ban. -- TERVEZ\u00dcNK-\u00c9P\u00cdT\u00dcNK-FEL\u00daJ\u00cdTUNK  --\",\"potentialAction\":[{\"@type\":\"SearchAction\",\"target\":{\"@type\":\"EntryPoint\",\"urlTemplate\":\"https:\\\/\\\/produktumgeneral.hu\\\/?s={search_term_string}\"},\"query-input\":{\"@type\":\"PropertyValueSpecification\",\"valueRequired\":true,\"valueName\":\"search_term_string\"}}],\"inLanguage\":\"en-GB\"}]}<\/script>\n<!-- \/ Yoast SEO plugin. -->","yoast_head_json":{"title":"V\u00edzszintes l\u00e9tra\/majoml\u00e9tra - Produktum Gener\u00e1l Kft.","robots":{"index":"index","follow":"follow","max-snippet":"max-snippet:-1","max-image-preview":"max-image-preview:large","max-video-preview":"max-video-preview:-1"},"canonical":"https:\/\/produktumgeneral.hu\/en\/product\/vizszintes-letra-majomletra\/","og_locale":"en_GB","og_type":"article","og_title":"V\u00edzszintes l\u00e9tra\/majoml\u00e9tra - Produktum Gener\u00e1l Kft.","og_url":"https:\/\/produktumgeneral.hu\/en\/product\/vizszintes-letra-majomletra\/","og_site_name":"Produktum Gener\u00e1l Kft.","article_modified_time":"2022-09-11T12:19:58+00:00","og_image":[{"width":2560,"height":2504,"url":"https:\/\/produktumgeneral.hu\/wp-content\/uploads\/2022\/09\/2.-vizszintes-letra-majomletra-jpg-scaled.jpg","type":"image\/jpeg"}],"twitter_card":"summary_large_image","twitter_description":"[dondivi_layout id=\"1859\"]","twitter_misc":{"Estimated reading time":"1 minute"},"schema":{"@context":"https:\/\/schema.org","@graph":[{"@type":"WebPage","@id":"https:\/\/produktumgeneral.hu\/termek\/vizszintes-letra-majomletra\/","url":"https:\/\/produktumgeneral.hu\/termek\/vizszintes-letra-majomletra\/","name":"V\u00edzszintes l\u00e9tra\/majoml\u00e9tra - Produktum Gener\u00e1l Kft.","isPartOf":{"@id":"https:\/\/produktumgeneral.hu\/#website"},"primaryImageOfPage":{"@id":"https:\/\/produktumgeneral.hu\/termek\/vizszintes-letra-majomletra\/#primaryimage"},"image":{"@id":"https:\/\/produktumgeneral.hu\/termek\/vizszintes-letra-majomletra\/#primaryimage"},"thumbnailUrl":"https:\/\/produktumgeneral.hu\/wp-content\/uploads\/2022\/09\/2.-vizszintes-letra-majomletra-jpg-scaled.jpg","datePublished":"2022-09-06T19:56:56+00:00","dateModified":"2022-09-11T12:19:58+00:00","breadcrumb":{"@id":"https:\/\/produktumgeneral.hu\/termek\/vizszintes-letra-majomletra\/#breadcrumb"},"inLanguage":"en-GB","potentialAction":[{"@type":"ReadAction","target":["https:\/\/produktumgeneral.hu\/termek\/vizszintes-letra-majomletra\/"]}]},{"@type":"ImageObject","inLanguage":"en-GB","@id":"https:\/\/produktumgeneral.hu\/termek\/vizszintes-letra-majomletra\/#primaryimage","url":"https:\/\/produktumgeneral.hu\/wp-content\/uploads\/2022\/09\/2.-vizszintes-letra-majomletra-jpg-scaled.jpg","contentUrl":"https:\/\/produktumgeneral.hu\/wp-content\/uploads\/2022\/09\/2.-vizszintes-letra-majomletra-jpg-scaled.jpg","width":2560,"height":2504},{"@type":"BreadcrumbList","@id":"https:\/\/produktumgeneral.hu\/termek\/vizszintes-letra-majomletra\/#breadcrumb","itemListElement":[{"@type":"ListItem","position":1,"name":"Home","item":"https:\/\/produktumgeneral.hu\/"},{"@type":"ListItem","position":2,"name":"Term\u00e9keink","item":"https:\/\/produktumgeneral.hu\/termekeink\/"},{"@type":"ListItem","position":3,"name":"V\u00edzszintes l\u00e9tra\/majoml\u00e9tra"}]},{"@type":"WebSite","@id":"https:\/\/produktumgeneral.hu\/#website","url":"https:\/\/produktumgeneral.hu\/","name":"Produktum Gener\u00e1l Ltd.","description":"Tapasztalt szakember csapattal az \u00d6n\u00f6k szolg\u00e1lat\u00e1ban. -- TERVEZ\u00dcNK-\u00c9P\u00cdT\u00dcNK-FEL\u00daJ\u00cdTUNK  --","potentialAction":[{"@type":"SearchAction","target":{"@type":"EntryPoint","urlTemplate":"https:\/\/produktumgeneral.hu\/?s={search_term_string}"},"query-input":{"@type":"PropertyValueSpecification","valueRequired":true,"valueName":"search_term_string"}}],"inLanguage":"en-GB"}]}},"_links":{"self":[{"href":"https:\/\/produktumgeneral.hu\/en\/wp-json\/wp\/v2\/product\/1526","targetHints":{"allow":["GET"]}}],"collection":[{"href":"https:\/\/produktumgeneral.hu\/en\/wp-json\/wp\/v2\/product"}],"about":[{"href":"https:\/\/produktumgeneral.hu\/en\/wp-json\/wp\/v2\/types\/product"}],"wp:featuredmedia":[{"embeddable":true,"href":"https:\/\/produktumgeneral.hu\/en\/wp-json\/wp\/v2\/media\/1528"}],"wp:attachment":[{"href":"https:\/\/produktumgeneral.hu\/en\/wp-json\/wp\/v2\/media?parent=1526"}],"wp:term":[{"taxonomy":"product_brand","embeddable":true,"href":"https:\/\/produktumgeneral.hu\/en\/wp-json\/wp\/v2\/product_brand?post=1526"},{"taxonomy":"product_cat","embeddable":true,"href":"https:\/\/produktumgeneral.hu\/en\/wp-json\/wp\/v2\/product_cat?post=1526"},{"taxonomy":"product_tag","embeddable":true,"href":"https:\/\/produktumgeneral.hu\/en\/wp-json\/wp\/v2\/product_tag?post=1526"}],"curies":[{"name":"wp","href":"https:\/\/api.w.org\/{rel}","templated":true}]}}