{"id":1459,"date":"2022-09-06T11:51:19","date_gmt":"2022-09-06T09:51:19","guid":{"rendered":"https:\/\/produktumgeneral.hu\/?post_type=product&#038;p=1459"},"modified":"2022-09-08T22:06:08","modified_gmt":"2022-09-08T20:06:08","slug":"kulteri-asztal","status":"publish","type":"product","link":"https:\/\/produktumgeneral.hu\/en\/product\/kulteri-asztal\/","title":{"rendered":"Outdoor table"},"content":{"rendered":"<p>Ergonomic design. The edges are rounded to avoid any danger and to ensure safe use of the product.<\/p>","protected":false},"excerpt":{"rendered":"<ul>\n<li><strong>Breadth:<\/strong>\u00a0<em>51 cm<\/em><\/li>\n<li><strong>Length:<\/strong>\u00a0<em>175 cm<\/em><\/li>\n<li><strong>Height:<\/strong>\u00a0<em>70 cm<\/em><\/li>\n<\/ul>","protected":false},"featured_media":1222,"template":"","meta":{"_et_pb_use_builder":"","_et_pb_old_content":"","_et_gb_content_width":""},"product_brand":[],"product_cat":[40],"product_tag":[],"class_list":{"0":"post-1459","1":"product","2":"type-product","3":"status-publish","4":"has-post-thumbnail","6":"product_cat-kulteri-butorok","8":"first","9":"instock","10":"taxable","11":"shipping-taxable","12":"purchasable","13":"product-type-variable"},"yoast_head":"<!-- This site is optimized with the Yoast SEO plugin v27.4 - https:\/\/yoast.com\/product\/yoast-seo-wordpress\/ -->\n<title>K\u00fclt\u00e9ri asztal - Produktum Gener\u00e1l Kft.<\/title>\n<meta name=\"robots\" content=\"index, follow, max-snippet:-1, max-image-preview:large, max-video-preview:-1\" \/>\n<link rel=\"canonical\" href=\"https:\/\/produktumgeneral.hu\/en\/product\/kulteri-asztal\/\" \/>\n<meta property=\"og:locale\" content=\"en_GB\" \/>\n<meta property=\"og:type\" content=\"article\" \/>\n<meta property=\"og:title\" content=\"K\u00fclt\u00e9ri asztal - Produktum Gener\u00e1l Kft.\" \/>\n<meta property=\"og:description\" content=\"Sz\u00e9less\u00e9ge:\u00a051 cm  Hossz:\u00a0175 cm  Magass\u00e1g:\u00a070 cm\" \/>\n<meta property=\"og:url\" content=\"https:\/\/produktumgeneral.hu\/en\/product\/kulteri-asztal\/\" \/>\n<meta property=\"og:site_name\" content=\"Produktum Gener\u00e1l Kft.\" \/>\n<meta property=\"article:modified_time\" content=\"2022-09-08T20:06:08+00:00\" \/>\n<meta property=\"og:image\" content=\"https:\/\/produktumgeneral.hu\/wp-content\/uploads\/2022\/08\/DSC_1638-40.jpg\" \/>\n\t<meta property=\"og:image:width\" content=\"2400\" \/>\n\t<meta property=\"og:image:height\" content=\"1600\" \/>\n\t<meta property=\"og:image:type\" content=\"image\/jpeg\" \/>\n<meta name=\"twitter:card\" content=\"summary_large_image\" \/>\n<script type=\"application\/ld+json\" class=\"yoast-schema-graph\">{\"@context\":\"https:\\\/\\\/schema.org\",\"@graph\":[{\"@type\":\"WebPage\",\"@id\":\"https:\\\/\\\/produktumgeneral.hu\\\/termek\\\/kulteri-asztal\\\/\",\"url\":\"https:\\\/\\\/produktumgeneral.hu\\\/termek\\\/kulteri-asztal\\\/\",\"name\":\"K\u00fclt\u00e9ri asztal - Produktum Gener\u00e1l Kft.\",\"isPartOf\":{\"@id\":\"https:\\\/\\\/produktumgeneral.hu\\\/#website\"},\"primaryImageOfPage\":{\"@id\":\"https:\\\/\\\/produktumgeneral.hu\\\/termek\\\/kulteri-asztal\\\/#primaryimage\"},\"image\":{\"@id\":\"https:\\\/\\\/produktumgeneral.hu\\\/termek\\\/kulteri-asztal\\\/#primaryimage\"},\"thumbnailUrl\":\"https:\\\/\\\/produktumgeneral.hu\\\/wp-content\\\/uploads\\\/2022\\\/08\\\/DSC_1638-40.jpg\",\"datePublished\":\"2022-09-06T09:51:19+00:00\",\"dateModified\":\"2022-09-08T20:06:08+00:00\",\"breadcrumb\":{\"@id\":\"https:\\\/\\\/produktumgeneral.hu\\\/termek\\\/kulteri-asztal\\\/#breadcrumb\"},\"inLanguage\":\"en-GB\",\"potentialAction\":[{\"@type\":\"ReadAction\",\"target\":[\"https:\\\/\\\/produktumgeneral.hu\\\/termek\\\/kulteri-asztal\\\/\"]}]},{\"@type\":\"ImageObject\",\"inLanguage\":\"en-GB\",\"@id\":\"https:\\\/\\\/produktumgeneral.hu\\\/termek\\\/kulteri-asztal\\\/#primaryimage\",\"url\":\"https:\\\/\\\/produktumgeneral.hu\\\/wp-content\\\/uploads\\\/2022\\\/08\\\/DSC_1638-40.jpg\",\"contentUrl\":\"https:\\\/\\\/produktumgeneral.hu\\\/wp-content\\\/uploads\\\/2022\\\/08\\\/DSC_1638-40.jpg\",\"width\":2400,\"height\":1600},{\"@type\":\"BreadcrumbList\",\"@id\":\"https:\\\/\\\/produktumgeneral.hu\\\/termek\\\/kulteri-asztal\\\/#breadcrumb\",\"itemListElement\":[{\"@type\":\"ListItem\",\"position\":1,\"name\":\"Home\",\"item\":\"https:\\\/\\\/produktumgeneral.hu\\\/\"},{\"@type\":\"ListItem\",\"position\":2,\"name\":\"Term\u00e9keink\",\"item\":\"https:\\\/\\\/produktumgeneral.hu\\\/termekeink\\\/\"},{\"@type\":\"ListItem\",\"position\":3,\"name\":\"K\u00fclt\u00e9ri asztal\"}]},{\"@type\":\"WebSite\",\"@id\":\"https:\\\/\\\/produktumgeneral.hu\\\/#website\",\"url\":\"https:\\\/\\\/produktumgeneral.hu\\\/\",\"name\":\"Produktum Gener\u00e1l Kft.\",\"description\":\"Tapasztalt szakember csapattal az \u00d6n\u00f6k szolg\u00e1lat\u00e1ban. -- TERVEZ\u00dcNK-\u00c9P\u00cdT\u00dcNK-FEL\u00daJ\u00cdTUNK  --\",\"potentialAction\":[{\"@type\":\"SearchAction\",\"target\":{\"@type\":\"EntryPoint\",\"urlTemplate\":\"https:\\\/\\\/produktumgeneral.hu\\\/?s={search_term_string}\"},\"query-input\":{\"@type\":\"PropertyValueSpecification\",\"valueRequired\":true,\"valueName\":\"search_term_string\"}}],\"inLanguage\":\"en-GB\"}]}<\/script>\n<!-- \/ Yoast SEO plugin. -->","yoast_head_json":{"title":"K\u00fclt\u00e9ri asztal - Produktum Gener\u00e1l Kft.","robots":{"index":"index","follow":"follow","max-snippet":"max-snippet:-1","max-image-preview":"max-image-preview:large","max-video-preview":"max-video-preview:-1"},"canonical":"https:\/\/produktumgeneral.hu\/en\/product\/kulteri-asztal\/","og_locale":"en_GB","og_type":"article","og_title":"K\u00fclt\u00e9ri asztal - Produktum Gener\u00e1l Kft.","og_description":"Sz\u00e9less\u00e9ge:\u00a051 cm  Hossz:\u00a0175 cm  Magass\u00e1g:\u00a070 cm","og_url":"https:\/\/produktumgeneral.hu\/en\/product\/kulteri-asztal\/","og_site_name":"Produktum Gener\u00e1l Kft.","article_modified_time":"2022-09-08T20:06:08+00:00","og_image":[{"width":2400,"height":1600,"url":"https:\/\/produktumgeneral.hu\/wp-content\/uploads\/2022\/08\/DSC_1638-40.jpg","type":"image\/jpeg"}],"twitter_card":"summary_large_image","schema":{"@context":"https:\/\/schema.org","@graph":[{"@type":"WebPage","@id":"https:\/\/produktumgeneral.hu\/termek\/kulteri-asztal\/","url":"https:\/\/produktumgeneral.hu\/termek\/kulteri-asztal\/","name":"K\u00fclt\u00e9ri asztal - Produktum Gener\u00e1l Kft.","isPartOf":{"@id":"https:\/\/produktumgeneral.hu\/#website"},"primaryImageOfPage":{"@id":"https:\/\/produktumgeneral.hu\/termek\/kulteri-asztal\/#primaryimage"},"image":{"@id":"https:\/\/produktumgeneral.hu\/termek\/kulteri-asztal\/#primaryimage"},"thumbnailUrl":"https:\/\/produktumgeneral.hu\/wp-content\/uploads\/2022\/08\/DSC_1638-40.jpg","datePublished":"2022-09-06T09:51:19+00:00","dateModified":"2022-09-08T20:06:08+00:00","breadcrumb":{"@id":"https:\/\/produktumgeneral.hu\/termek\/kulteri-asztal\/#breadcrumb"},"inLanguage":"en-GB","potentialAction":[{"@type":"ReadAction","target":["https:\/\/produktumgeneral.hu\/termek\/kulteri-asztal\/"]}]},{"@type":"ImageObject","inLanguage":"en-GB","@id":"https:\/\/produktumgeneral.hu\/termek\/kulteri-asztal\/#primaryimage","url":"https:\/\/produktumgeneral.hu\/wp-content\/uploads\/2022\/08\/DSC_1638-40.jpg","contentUrl":"https:\/\/produktumgeneral.hu\/wp-content\/uploads\/2022\/08\/DSC_1638-40.jpg","width":2400,"height":1600},{"@type":"BreadcrumbList","@id":"https:\/\/produktumgeneral.hu\/termek\/kulteri-asztal\/#breadcrumb","itemListElement":[{"@type":"ListItem","position":1,"name":"Home","item":"https:\/\/produktumgeneral.hu\/"},{"@type":"ListItem","position":2,"name":"Term\u00e9keink","item":"https:\/\/produktumgeneral.hu\/termekeink\/"},{"@type":"ListItem","position":3,"name":"K\u00fclt\u00e9ri asztal"}]},{"@type":"WebSite","@id":"https:\/\/produktumgeneral.hu\/#website","url":"https:\/\/produktumgeneral.hu\/","name":"Produktum Gener\u00e1l Ltd.","description":"Tapasztalt szakember csapattal az \u00d6n\u00f6k szolg\u00e1lat\u00e1ban. -- TERVEZ\u00dcNK-\u00c9P\u00cdT\u00dcNK-FEL\u00daJ\u00cdTUNK  --","potentialAction":[{"@type":"SearchAction","target":{"@type":"EntryPoint","urlTemplate":"https:\/\/produktumgeneral.hu\/?s={search_term_string}"},"query-input":{"@type":"PropertyValueSpecification","valueRequired":true,"valueName":"search_term_string"}}],"inLanguage":"en-GB"}]}},"_links":{"self":[{"href":"https:\/\/produktumgeneral.hu\/en\/wp-json\/wp\/v2\/product\/1459","targetHints":{"allow":["GET"]}}],"collection":[{"href":"https:\/\/produktumgeneral.hu\/en\/wp-json\/wp\/v2\/product"}],"about":[{"href":"https:\/\/produktumgeneral.hu\/en\/wp-json\/wp\/v2\/types\/product"}],"wp:featuredmedia":[{"embeddable":true,"href":"https:\/\/produktumgeneral.hu\/en\/wp-json\/wp\/v2\/media\/1222"}],"wp:attachment":[{"href":"https:\/\/produktumgeneral.hu\/en\/wp-json\/wp\/v2\/media?parent=1459"}],"wp:term":[{"taxonomy":"product_brand","embeddable":true,"href":"https:\/\/produktumgeneral.hu\/en\/wp-json\/wp\/v2\/product_brand?post=1459"},{"taxonomy":"product_cat","embeddable":true,"href":"https:\/\/produktumgeneral.hu\/en\/wp-json\/wp\/v2\/product_cat?post=1459"},{"taxonomy":"product_tag","embeddable":true,"href":"https:\/\/produktumgeneral.hu\/en\/wp-json\/wp\/v2\/product_tag?post=1459"}],"curies":[{"name":"wp","href":"https:\/\/api.w.org\/{rel}","templated":true}]}}