{"id":2021,"date":"2022-09-27T14:33:18","date_gmt":"2022-09-27T12:33:18","guid":{"rendered":"https:\/\/produktumgeneral.hu\/?post_type=product&#038;p=2021"},"modified":"2022-11-02T12:35:09","modified_gmt":"2022-11-02T11:35:09","slug":"szarvasos-karacsonyfatalp","status":"publish","type":"product","link":"https:\/\/produktumgeneral.hu\/de\/produkt\/szarvasos-karacsonyfatalp\/","title":{"rendered":"Christbaumst\u00e4nder mit Hirsch"},"content":{"rendered":"<p>Die Metallstruktur auf drei Beinen ist stark, robust und widerstandsf\u00e4hig, dank der entsprechenden Gelenke, so dass sie sich bei starker Belastung nicht verformt.<\/p>\n<p>Das pr\u00e4zisionsgefertigte und pulverbeschichtete Produkt ist nicht nur ein Gebrauchsgegenstand, sondern auch ein dekoratives Element. Aufgrund seiner abgerundeten Kanten ist es weniger gef\u00e4hrlich. Die Pulverbeschichtungstechnologie macht das Produkt extrem langlebig. Seine antike Goldfarbe verleiht ihm ein elegantes, \u00e4sthetisches Aussehen.<\/p>\n<p>Die drei mitgelieferten, von Hand einstellbaren Befestigungsschrauben helfen bei der Einstellung des Holzes. Die Scheiben an der Basis der Hirsche sorgen daf\u00fcr, dass die Struktur an ihrem Platz bleibt.<\/p>\n<p>Dieser Christbaumst\u00e4nder kann f\u00fcr lebende B\u00e4ume verwendet werden.<\/p>\n<p>Das Produkt wird dem Kunden mit Verpackung und Informationen in der Verpackung geliefert.<\/p>\n<p><strong>Inhalt der Schachtel:<\/strong><\/p>\n<ul>\n<li>1 St\u00fcck Christbaumst\u00e4nder,<\/li>\n<li>3 Schrauben (zur Befestigung).<\/li>\n<\/ul>\n<p>&nbsp;<\/p>\n<p><strong>Technische Daten:<\/strong><\/p>\n<table style=\"height: 363px; border-style: solid; width: 413px;\" border=\"1\" width=\"413\">\n<tbody>\n<tr>\n<td style=\"width: 316px;\">H\u00f6he<\/td>\n<td style=\"width: 81px;\">275 mm<\/td>\n<\/tr>\n<tr>\n<td style=\"width: 316px;\">Durchmesser<\/td>\n<td style=\"width: 81px;\">640 mm<\/td>\n<\/tr>\n<tr>\n<td style=\"width: 316px;\">Gewicht<\/td>\n<td style=\"width: 81px;\">3,9 kg<\/td>\n<\/tr>\n<tr>\n<td style=\"width: 316px;\">Material<\/td>\n<td style=\"width: 81px;\">Metall<\/td>\n<\/tr>\n<tr>\n<td style=\"width: 316px;\">Dicke des Materials<\/td>\n<td style=\"width: 81px;\"><\/td>\n<\/tr>\n<tr>\n<td style=\"width: 316px;\">Qualit\u00e4t des verwendeten Materials<\/td>\n<td style=\"width: 81px;\"><\/td>\n<\/tr>\n<tr>\n<td style=\"width: 316px;\">Farbe<\/td>\n<td style=\"width: 81px;\">antikes Gold<\/td>\n<\/tr>\n<tr>\n<td style=\"width: 316px;\">Maximal anwendbarer Stammdurchmesser<\/td>\n<td style=\"width: 81px;\">80 mm<\/td>\n<\/tr>\n<tr>\n<td style=\"width: 316px;\">Maximale Baumh\u00f6he<\/td>\n<td style=\"width: 81px;\">2,1 m<\/td>\n<\/tr>\n<tr>\n<td style=\"width: 316px;\">Erfordert Montage<\/td>\n<td style=\"width: 81px;\">Ja<\/td>\n<\/tr>\n<tr>\n<td style=\"width: 316px;\">Bereich der Nutzung<\/td>\n<td style=\"width: 81px;\">Innere<\/td>\n<\/tr>\n<tr>\n<td style=\"width: 316px;\">Fixiermodus<\/td>\n<td style=\"width: 81px;\">mit Schraube<\/td>\n<\/tr>\n<\/tbody>\n<\/table>","protected":false},"excerpt":{"rendered":"<p>Gewicht: 3.9 kg<\/p>\n<p>Eines der wichtigsten Elemente des Weihnachtsfestes ist der Weihnachtsbaum, der eine stabile Unterlage braucht. Unser hauseigenes Schlosserprodukt sorgt mit seinem speziellen Stativdesign f\u00fcr eine einzigartige Optik.<\/p>","protected":false},"featured_media":2018,"template":"","meta":{"_et_pb_use_builder":"","_et_pb_old_content":"","_et_gb_content_width":""},"product_brand":[],"product_cat":[49],"product_tag":[],"class_list":{"0":"post-2021","1":"product","2":"type-product","3":"status-publish","4":"has-post-thumbnail","6":"product_cat-dekor","8":"first","9":"instock","10":"taxable","11":"shipping-taxable","12":"purchasable","13":"product-type-simple"},"yoast_head":"<!-- This site is optimized with the Yoast SEO plugin v27.5 - https:\/\/yoast.com\/product\/yoast-seo-wordpress\/ -->\n<title>Szarvasos kar\u00e1csonyfatalp - Produktum Gener\u00e1l Kft.<\/title>\n<meta name=\"robots\" content=\"index, follow, max-snippet:-1, max-image-preview:large, max-video-preview:-1\" \/>\n<link rel=\"canonical\" href=\"https:\/\/produktumgeneral.hu\/de\/produkt\/szarvasos-karacsonyfatalp\/\" \/>\n<meta property=\"og:locale\" content=\"de_DE\" \/>\n<meta property=\"og:type\" content=\"article\" \/>\n<meta property=\"og:title\" content=\"Szarvasos kar\u00e1csonyfatalp - Produktum Gener\u00e1l Kft.\" \/>\n<meta property=\"og:description\" content=\"S\u00faly: 3.9 kg  A kar\u00e1csonyi \u00fcnnep egyik legfontosabb t\u00e9nyez\u0151je a kar\u00e1csonyfa, aminek sz\u00fcks\u00e9ges egy stabil alap is. Saj\u00e1t gy\u00e1rt\u00e1s\u00fa lakatosipari term\u00e9k\u00fcnk, k\u00fcl\u00f6nleges h\u00e1roml\u00e1b\u00fa kialak\u00edt\u00e1s\u00fa talpakkal biztos\u00edtja az egyedi megjelen\u00e9st.\" \/>\n<meta property=\"og:url\" content=\"https:\/\/produktumgeneral.hu\/de\/produkt\/szarvasos-karacsonyfatalp\/\" \/>\n<meta property=\"og:site_name\" content=\"Produktum Gener\u00e1l Kft.\" \/>\n<meta property=\"article:modified_time\" content=\"2022-11-02T11:35:09+00:00\" \/>\n<meta property=\"og:image\" content=\"https:\/\/produktumgeneral.hu\/wp-content\/uploads\/2022\/09\/Szarvasos-karacsonyfatalp-2-40.jpg\" \/>\n\t<meta property=\"og:image:width\" content=\"819\" \/>\n\t<meta property=\"og:image:height\" content=\"517\" \/>\n\t<meta property=\"og:image:type\" content=\"image\/jpeg\" \/>\n<meta name=\"twitter:card\" content=\"summary_large_image\" \/>\n<meta name=\"twitter:label1\" content=\"Gesch\u00e4tzte Lesezeit\" \/>\n\t<meta name=\"twitter:data1\" content=\"1\u00a0Minute\" \/>\n<script type=\"application\/ld+json\" class=\"yoast-schema-graph\">{\"@context\":\"https:\\\/\\\/schema.org\",\"@graph\":[{\"@type\":\"WebPage\",\"@id\":\"https:\\\/\\\/produktumgeneral.hu\\\/termek\\\/szarvasos-karacsonyfatalp\\\/\",\"url\":\"https:\\\/\\\/produktumgeneral.hu\\\/termek\\\/szarvasos-karacsonyfatalp\\\/\",\"name\":\"Szarvasos kar\u00e1csonyfatalp - Produktum Gener\u00e1l Kft.\",\"isPartOf\":{\"@id\":\"https:\\\/\\\/produktumgeneral.hu\\\/#website\"},\"primaryImageOfPage\":{\"@id\":\"https:\\\/\\\/produktumgeneral.hu\\\/termek\\\/szarvasos-karacsonyfatalp\\\/#primaryimage\"},\"image\":{\"@id\":\"https:\\\/\\\/produktumgeneral.hu\\\/termek\\\/szarvasos-karacsonyfatalp\\\/#primaryimage\"},\"thumbnailUrl\":\"https:\\\/\\\/produktumgeneral.hu\\\/wp-content\\\/uploads\\\/2022\\\/09\\\/Szarvasos-karacsonyfatalp-2-40.jpg\",\"datePublished\":\"2022-09-27T12:33:18+00:00\",\"dateModified\":\"2022-11-02T11:35:09+00:00\",\"breadcrumb\":{\"@id\":\"https:\\\/\\\/produktumgeneral.hu\\\/termek\\\/szarvasos-karacsonyfatalp\\\/#breadcrumb\"},\"inLanguage\":\"de\",\"potentialAction\":[{\"@type\":\"ReadAction\",\"target\":[\"https:\\\/\\\/produktumgeneral.hu\\\/termek\\\/szarvasos-karacsonyfatalp\\\/\"]}]},{\"@type\":\"ImageObject\",\"inLanguage\":\"de\",\"@id\":\"https:\\\/\\\/produktumgeneral.hu\\\/termek\\\/szarvasos-karacsonyfatalp\\\/#primaryimage\",\"url\":\"https:\\\/\\\/produktumgeneral.hu\\\/wp-content\\\/uploads\\\/2022\\\/09\\\/Szarvasos-karacsonyfatalp-2-40.jpg\",\"contentUrl\":\"https:\\\/\\\/produktumgeneral.hu\\\/wp-content\\\/uploads\\\/2022\\\/09\\\/Szarvasos-karacsonyfatalp-2-40.jpg\",\"width\":819,\"height\":517},{\"@type\":\"BreadcrumbList\",\"@id\":\"https:\\\/\\\/produktumgeneral.hu\\\/termek\\\/szarvasos-karacsonyfatalp\\\/#breadcrumb\",\"itemListElement\":[{\"@type\":\"ListItem\",\"position\":1,\"name\":\"Home\",\"item\":\"https:\\\/\\\/produktumgeneral.hu\\\/\"},{\"@type\":\"ListItem\",\"position\":2,\"name\":\"Term\u00e9keink\",\"item\":\"https:\\\/\\\/produktumgeneral.hu\\\/termekeink\\\/\"},{\"@type\":\"ListItem\",\"position\":3,\"name\":\"Szarvasos kar\u00e1csonyfatalp\"}]},{\"@type\":\"WebSite\",\"@id\":\"https:\\\/\\\/produktumgeneral.hu\\\/#website\",\"url\":\"https:\\\/\\\/produktumgeneral.hu\\\/\",\"name\":\"Produktum Gener\u00e1l Kft.\",\"description\":\"Tapasztalt szakember csapattal az \u00d6n\u00f6k szolg\u00e1lat\u00e1ban. -- TERVEZ\u00dcNK-\u00c9P\u00cdT\u00dcNK-FEL\u00daJ\u00cdTUNK  --\",\"potentialAction\":[{\"@type\":\"SearchAction\",\"target\":{\"@type\":\"EntryPoint\",\"urlTemplate\":\"https:\\\/\\\/produktumgeneral.hu\\\/?s={search_term_string}\"},\"query-input\":{\"@type\":\"PropertyValueSpecification\",\"valueRequired\":true,\"valueName\":\"search_term_string\"}}],\"inLanguage\":\"de\"}]}<\/script>\n<!-- \/ Yoast SEO plugin. -->","yoast_head_json":{"title":"Szarvasos kar\u00e1csonyfatalp - Produktum Gener\u00e1l Kft.","robots":{"index":"index","follow":"follow","max-snippet":"max-snippet:-1","max-image-preview":"max-image-preview:large","max-video-preview":"max-video-preview:-1"},"canonical":"https:\/\/produktumgeneral.hu\/de\/produkt\/szarvasos-karacsonyfatalp\/","og_locale":"de_DE","og_type":"article","og_title":"Szarvasos kar\u00e1csonyfatalp - Produktum Gener\u00e1l Kft.","og_description":"S\u00faly: 3.9 kg  A kar\u00e1csonyi \u00fcnnep egyik legfontosabb t\u00e9nyez\u0151je a kar\u00e1csonyfa, aminek sz\u00fcks\u00e9ges egy stabil alap is. Saj\u00e1t gy\u00e1rt\u00e1s\u00fa lakatosipari term\u00e9k\u00fcnk, k\u00fcl\u00f6nleges h\u00e1roml\u00e1b\u00fa kialak\u00edt\u00e1s\u00fa talpakkal biztos\u00edtja az egyedi megjelen\u00e9st.","og_url":"https:\/\/produktumgeneral.hu\/de\/produkt\/szarvasos-karacsonyfatalp\/","og_site_name":"Produktum Gener\u00e1l Kft.","article_modified_time":"2022-11-02T11:35:09+00:00","og_image":[{"width":819,"height":517,"url":"https:\/\/produktumgeneral.hu\/wp-content\/uploads\/2022\/09\/Szarvasos-karacsonyfatalp-2-40.jpg","type":"image\/jpeg"}],"twitter_card":"summary_large_image","twitter_misc":{"Gesch\u00e4tzte Lesezeit":"1\u00a0Minute"},"schema":{"@context":"https:\/\/schema.org","@graph":[{"@type":"WebPage","@id":"https:\/\/produktumgeneral.hu\/termek\/szarvasos-karacsonyfatalp\/","url":"https:\/\/produktumgeneral.hu\/termek\/szarvasos-karacsonyfatalp\/","name":"Szarvasos kar\u00e1csonyfatalp - Produktum Gener\u00e1l Kft.","isPartOf":{"@id":"https:\/\/produktumgeneral.hu\/#website"},"primaryImageOfPage":{"@id":"https:\/\/produktumgeneral.hu\/termek\/szarvasos-karacsonyfatalp\/#primaryimage"},"image":{"@id":"https:\/\/produktumgeneral.hu\/termek\/szarvasos-karacsonyfatalp\/#primaryimage"},"thumbnailUrl":"https:\/\/produktumgeneral.hu\/wp-content\/uploads\/2022\/09\/Szarvasos-karacsonyfatalp-2-40.jpg","datePublished":"2022-09-27T12:33:18+00:00","dateModified":"2022-11-02T11:35:09+00:00","breadcrumb":{"@id":"https:\/\/produktumgeneral.hu\/termek\/szarvasos-karacsonyfatalp\/#breadcrumb"},"inLanguage":"de","potentialAction":[{"@type":"ReadAction","target":["https:\/\/produktumgeneral.hu\/termek\/szarvasos-karacsonyfatalp\/"]}]},{"@type":"ImageObject","inLanguage":"de","@id":"https:\/\/produktumgeneral.hu\/termek\/szarvasos-karacsonyfatalp\/#primaryimage","url":"https:\/\/produktumgeneral.hu\/wp-content\/uploads\/2022\/09\/Szarvasos-karacsonyfatalp-2-40.jpg","contentUrl":"https:\/\/produktumgeneral.hu\/wp-content\/uploads\/2022\/09\/Szarvasos-karacsonyfatalp-2-40.jpg","width":819,"height":517},{"@type":"BreadcrumbList","@id":"https:\/\/produktumgeneral.hu\/termek\/szarvasos-karacsonyfatalp\/#breadcrumb","itemListElement":[{"@type":"ListItem","position":1,"name":"Home","item":"https:\/\/produktumgeneral.hu\/"},{"@type":"ListItem","position":2,"name":"Term\u00e9keink","item":"https:\/\/produktumgeneral.hu\/termekeink\/"},{"@type":"ListItem","position":3,"name":"Szarvasos kar\u00e1csonyfatalp"}]},{"@type":"WebSite","@id":"https:\/\/produktumgeneral.hu\/#website","url":"https:\/\/produktumgeneral.hu\/","name":"Produktum Gener\u00e1l GmbH.","description":"Tapasztalt szakember csapattal az \u00d6n\u00f6k szolg\u00e1lat\u00e1ban. -- TERVEZ\u00dcNK-\u00c9P\u00cdT\u00dcNK-FEL\u00daJ\u00cdTUNK  --","potentialAction":[{"@type":"SearchAction","target":{"@type":"EntryPoint","urlTemplate":"https:\/\/produktumgeneral.hu\/?s={search_term_string}"},"query-input":{"@type":"PropertyValueSpecification","valueRequired":true,"valueName":"search_term_string"}}],"inLanguage":"de"}]}},"_links":{"self":[{"href":"https:\/\/produktumgeneral.hu\/de\/wp-json\/wp\/v2\/product\/2021","targetHints":{"allow":["GET"]}}],"collection":[{"href":"https:\/\/produktumgeneral.hu\/de\/wp-json\/wp\/v2\/product"}],"about":[{"href":"https:\/\/produktumgeneral.hu\/de\/wp-json\/wp\/v2\/types\/product"}],"wp:featuredmedia":[{"embeddable":true,"href":"https:\/\/produktumgeneral.hu\/de\/wp-json\/wp\/v2\/media\/2018"}],"wp:attachment":[{"href":"https:\/\/produktumgeneral.hu\/de\/wp-json\/wp\/v2\/media?parent=2021"}],"wp:term":[{"taxonomy":"product_brand","embeddable":true,"href":"https:\/\/produktumgeneral.hu\/de\/wp-json\/wp\/v2\/product_brand?post=2021"},{"taxonomy":"product_cat","embeddable":true,"href":"https:\/\/produktumgeneral.hu\/de\/wp-json\/wp\/v2\/product_cat?post=2021"},{"taxonomy":"product_tag","embeddable":true,"href":"https:\/\/produktumgeneral.hu\/de\/wp-json\/wp\/v2\/product_tag?post=2021"}],"curies":[{"name":"wp","href":"https:\/\/api.w.org\/{rel}","templated":true}]}}