{"id":1560,"date":"2022-09-06T22:07:32","date_gmt":"2022-09-06T20:07:32","guid":{"rendered":"https:\/\/produktumgeneral.hu\/?post_type=product&#038;p=1560"},"modified":"2022-09-08T19:23:47","modified_gmt":"2022-09-08T17:23:47","slug":"harci-kotelek-kotelhuzas","status":"publish","type":"product","link":"https:\/\/produktumgeneral.hu\/de\/produkt\/harci-kotelek-kotelhuzas\/","title":{"rendered":"Battle Ropes \/ Tauziehen"},"content":{"rendered":"<p class=\"translation-block\">A konstrukci\u00f3 k\u00e9t \u00e1llv\u00e1nyb\u00f3l \u00e9s k\u00e9t, az \u00e1llv\u00e1nyokon \u00e1thalad\u00f3 k\u00f6t\u00e9lb\u0151l \u00e1ll. Ez egy funkcion\u00e1lis berendez\u00e9s, mely lehet\u0151v\u00e9 teszi a k\u00f6telek egyidej\u0171 vagy v\u00e1ltakoz\u00f3 ritmusban t\u00f6rt\u00e9n\u0151 mozg\u00e1s\u00e1t. Min\u00e9l holisztikusabban haszn\u00e1lj\u00e1k a testet a k\u00f6telek mozgat\u00e1s\u00e1ra, a gyakorlat ann\u00e1l hat\u00e9konyabb lesz. A gyakorlat vari\u00e1lhat\u00f3, ha azt guggol\u00e1sokkal, illetve<br>\r\nemelt fekv\u0151t\u00e1maszokkal kombin\u00e1ljuk. A k\u00f6t\u00e9lh\u00faz\u00e1s k\u00fcl\u00f6n\u00f6sen hat\u00e9kony a l\u00e9gz\u0151rendszer \u00e9s a kering\u00e9si rendszer edz\u00e9s\u00e9re egyar\u00e1nt.<\/p>","protected":false},"excerpt":{"rendered":"[et_pb_section global_module=\"1822\"][\/et_pb_section]","protected":false},"featured_media":1537,"template":"","meta":{"_et_pb_use_builder":"","_et_pb_old_content":"","_et_gb_content_width":""},"product_brand":[],"product_cat":[45],"product_tag":[],"class_list":{"0":"post-1560","1":"product","2":"type-product","3":"status-publish","4":"has-post-thumbnail","6":"product_cat-street-workout-elemek","8":"first","9":"instock","10":"taxable","11":"shipping-taxable","12":"purchasable","13":"product-type-simple"},"yoast_head":"<!-- This site is optimized with the Yoast SEO plugin v27.4 - https:\/\/yoast.com\/product\/yoast-seo-wordpress\/ -->\n<title>Harci k\u00f6telek\/k\u00f6t\u00e9lh\u00faz\u00e1s - Produktum Gener\u00e1l Kft.<\/title>\n<meta name=\"robots\" content=\"index, follow, max-snippet:-1, max-image-preview:large, max-video-preview:-1\" \/>\n<link rel=\"canonical\" href=\"https:\/\/produktumgeneral.hu\/de\/produkt\/harci-kotelek-kotelhuzas\/\" \/>\n<meta property=\"og:locale\" content=\"de_DE\" \/>\n<meta property=\"og:type\" content=\"article\" \/>\n<meta property=\"og:title\" content=\"Harci k\u00f6telek\/k\u00f6t\u00e9lh\u00faz\u00e1s - Produktum Gener\u00e1l Kft.\" \/>\n<meta property=\"og:url\" content=\"https:\/\/produktumgeneral.hu\/de\/produkt\/harci-kotelek-kotelhuzas\/\" \/>\n<meta property=\"og:site_name\" content=\"Produktum Gener\u00e1l Kft.\" \/>\n<meta property=\"article:modified_time\" content=\"2022-09-08T17:23:47+00:00\" \/>\n<meta property=\"og:image\" content=\"https:\/\/produktumgeneral.hu\/wp-content\/uploads\/2022\/09\/11.-kotelhuzas-harci-kotelek-jpg-scaled.jpg\" \/>\n\t<meta property=\"og:image:width\" content=\"2560\" \/>\n\t<meta property=\"og:image:height\" content=\"1311\" \/>\n\t<meta property=\"og:image:type\" content=\"image\/jpeg\" \/>\n<meta name=\"twitter:card\" content=\"summary_large_image\" \/>\n<meta name=\"twitter:description\" content=\"[dondivi_layout id=&quot;1822&quot;]\" \/>\n<meta name=\"twitter:label1\" content=\"Gesch\u00e4tzte Lesezeit\" \/>\n\t<meta name=\"twitter:data1\" content=\"1\u00a0Minute\" \/>\n<script type=\"application\/ld+json\" class=\"yoast-schema-graph\">{\"@context\":\"https:\\\/\\\/schema.org\",\"@graph\":[{\"@type\":\"WebPage\",\"@id\":\"https:\\\/\\\/produktumgeneral.hu\\\/termek\\\/harci-kotelek-kotelhuzas\\\/\",\"url\":\"https:\\\/\\\/produktumgeneral.hu\\\/termek\\\/harci-kotelek-kotelhuzas\\\/\",\"name\":\"Harci k\u00f6telek\\\/k\u00f6t\u00e9lh\u00faz\u00e1s - Produktum Gener\u00e1l Kft.\",\"isPartOf\":{\"@id\":\"https:\\\/\\\/produktumgeneral.hu\\\/#website\"},\"primaryImageOfPage\":{\"@id\":\"https:\\\/\\\/produktumgeneral.hu\\\/termek\\\/harci-kotelek-kotelhuzas\\\/#primaryimage\"},\"image\":{\"@id\":\"https:\\\/\\\/produktumgeneral.hu\\\/termek\\\/harci-kotelek-kotelhuzas\\\/#primaryimage\"},\"thumbnailUrl\":\"https:\\\/\\\/produktumgeneral.hu\\\/wp-content\\\/uploads\\\/2022\\\/09\\\/11.-kotelhuzas-harci-kotelek-jpg-scaled.jpg\",\"datePublished\":\"2022-09-06T20:07:32+00:00\",\"dateModified\":\"2022-09-08T17:23:47+00:00\",\"breadcrumb\":{\"@id\":\"https:\\\/\\\/produktumgeneral.hu\\\/termek\\\/harci-kotelek-kotelhuzas\\\/#breadcrumb\"},\"inLanguage\":\"de\",\"potentialAction\":[{\"@type\":\"ReadAction\",\"target\":[\"https:\\\/\\\/produktumgeneral.hu\\\/termek\\\/harci-kotelek-kotelhuzas\\\/\"]}]},{\"@type\":\"ImageObject\",\"inLanguage\":\"de\",\"@id\":\"https:\\\/\\\/produktumgeneral.hu\\\/termek\\\/harci-kotelek-kotelhuzas\\\/#primaryimage\",\"url\":\"https:\\\/\\\/produktumgeneral.hu\\\/wp-content\\\/uploads\\\/2022\\\/09\\\/11.-kotelhuzas-harci-kotelek-jpg-scaled.jpg\",\"contentUrl\":\"https:\\\/\\\/produktumgeneral.hu\\\/wp-content\\\/uploads\\\/2022\\\/09\\\/11.-kotelhuzas-harci-kotelek-jpg-scaled.jpg\",\"width\":2560,\"height\":1311},{\"@type\":\"BreadcrumbList\",\"@id\":\"https:\\\/\\\/produktumgeneral.hu\\\/termek\\\/harci-kotelek-kotelhuzas\\\/#breadcrumb\",\"itemListElement\":[{\"@type\":\"ListItem\",\"position\":1,\"name\":\"Home\",\"item\":\"https:\\\/\\\/produktumgeneral.hu\\\/\"},{\"@type\":\"ListItem\",\"position\":2,\"name\":\"Term\u00e9keink\",\"item\":\"https:\\\/\\\/produktumgeneral.hu\\\/termekeink\\\/\"},{\"@type\":\"ListItem\",\"position\":3,\"name\":\"Harci k\u00f6telek\\\/k\u00f6t\u00e9lh\u00faz\u00e1s\"}]},{\"@type\":\"WebSite\",\"@id\":\"https:\\\/\\\/produktumgeneral.hu\\\/#website\",\"url\":\"https:\\\/\\\/produktumgeneral.hu\\\/\",\"name\":\"Produktum Gener\u00e1l Kft.\",\"description\":\"Tapasztalt szakember csapattal az \u00d6n\u00f6k szolg\u00e1lat\u00e1ban. -- TERVEZ\u00dcNK-\u00c9P\u00cdT\u00dcNK-FEL\u00daJ\u00cdTUNK  --\",\"potentialAction\":[{\"@type\":\"SearchAction\",\"target\":{\"@type\":\"EntryPoint\",\"urlTemplate\":\"https:\\\/\\\/produktumgeneral.hu\\\/?s={search_term_string}\"},\"query-input\":{\"@type\":\"PropertyValueSpecification\",\"valueRequired\":true,\"valueName\":\"search_term_string\"}}],\"inLanguage\":\"de\"}]}<\/script>\n<!-- \/ Yoast SEO plugin. -->","yoast_head_json":{"title":"Harci k\u00f6telek\/k\u00f6t\u00e9lh\u00faz\u00e1s - Produktum Gener\u00e1l Kft.","robots":{"index":"index","follow":"follow","max-snippet":"max-snippet:-1","max-image-preview":"max-image-preview:large","max-video-preview":"max-video-preview:-1"},"canonical":"https:\/\/produktumgeneral.hu\/de\/produkt\/harci-kotelek-kotelhuzas\/","og_locale":"de_DE","og_type":"article","og_title":"Harci k\u00f6telek\/k\u00f6t\u00e9lh\u00faz\u00e1s - Produktum Gener\u00e1l Kft.","og_url":"https:\/\/produktumgeneral.hu\/de\/produkt\/harci-kotelek-kotelhuzas\/","og_site_name":"Produktum Gener\u00e1l Kft.","article_modified_time":"2022-09-08T17:23:47+00:00","og_image":[{"width":2560,"height":1311,"url":"https:\/\/produktumgeneral.hu\/wp-content\/uploads\/2022\/09\/11.-kotelhuzas-harci-kotelek-jpg-scaled.jpg","type":"image\/jpeg"}],"twitter_card":"summary_large_image","twitter_description":"[dondivi_layout id=\"1822\"]","twitter_misc":{"Gesch\u00e4tzte Lesezeit":"1\u00a0Minute"},"schema":{"@context":"https:\/\/schema.org","@graph":[{"@type":"WebPage","@id":"https:\/\/produktumgeneral.hu\/termek\/harci-kotelek-kotelhuzas\/","url":"https:\/\/produktumgeneral.hu\/termek\/harci-kotelek-kotelhuzas\/","name":"Harci k\u00f6telek\/k\u00f6t\u00e9lh\u00faz\u00e1s - Produktum Gener\u00e1l Kft.","isPartOf":{"@id":"https:\/\/produktumgeneral.hu\/#website"},"primaryImageOfPage":{"@id":"https:\/\/produktumgeneral.hu\/termek\/harci-kotelek-kotelhuzas\/#primaryimage"},"image":{"@id":"https:\/\/produktumgeneral.hu\/termek\/harci-kotelek-kotelhuzas\/#primaryimage"},"thumbnailUrl":"https:\/\/produktumgeneral.hu\/wp-content\/uploads\/2022\/09\/11.-kotelhuzas-harci-kotelek-jpg-scaled.jpg","datePublished":"2022-09-06T20:07:32+00:00","dateModified":"2022-09-08T17:23:47+00:00","breadcrumb":{"@id":"https:\/\/produktumgeneral.hu\/termek\/harci-kotelek-kotelhuzas\/#breadcrumb"},"inLanguage":"de","potentialAction":[{"@type":"ReadAction","target":["https:\/\/produktumgeneral.hu\/termek\/harci-kotelek-kotelhuzas\/"]}]},{"@type":"ImageObject","inLanguage":"de","@id":"https:\/\/produktumgeneral.hu\/termek\/harci-kotelek-kotelhuzas\/#primaryimage","url":"https:\/\/produktumgeneral.hu\/wp-content\/uploads\/2022\/09\/11.-kotelhuzas-harci-kotelek-jpg-scaled.jpg","contentUrl":"https:\/\/produktumgeneral.hu\/wp-content\/uploads\/2022\/09\/11.-kotelhuzas-harci-kotelek-jpg-scaled.jpg","width":2560,"height":1311},{"@type":"BreadcrumbList","@id":"https:\/\/produktumgeneral.hu\/termek\/harci-kotelek-kotelhuzas\/#breadcrumb","itemListElement":[{"@type":"ListItem","position":1,"name":"Home","item":"https:\/\/produktumgeneral.hu\/"},{"@type":"ListItem","position":2,"name":"Term\u00e9keink","item":"https:\/\/produktumgeneral.hu\/termekeink\/"},{"@type":"ListItem","position":3,"name":"Harci k\u00f6telek\/k\u00f6t\u00e9lh\u00faz\u00e1s"}]},{"@type":"WebSite","@id":"https:\/\/produktumgeneral.hu\/#website","url":"https:\/\/produktumgeneral.hu\/","name":"Produktum Gener\u00e1l GmbH.","description":"Tapasztalt szakember csapattal az \u00d6n\u00f6k szolg\u00e1lat\u00e1ban. -- TERVEZ\u00dcNK-\u00c9P\u00cdT\u00dcNK-FEL\u00daJ\u00cdTUNK  --","potentialAction":[{"@type":"SearchAction","target":{"@type":"EntryPoint","urlTemplate":"https:\/\/produktumgeneral.hu\/?s={search_term_string}"},"query-input":{"@type":"PropertyValueSpecification","valueRequired":true,"valueName":"search_term_string"}}],"inLanguage":"de"}]}},"_links":{"self":[{"href":"https:\/\/produktumgeneral.hu\/de\/wp-json\/wp\/v2\/product\/1560","targetHints":{"allow":["GET"]}}],"collection":[{"href":"https:\/\/produktumgeneral.hu\/de\/wp-json\/wp\/v2\/product"}],"about":[{"href":"https:\/\/produktumgeneral.hu\/de\/wp-json\/wp\/v2\/types\/product"}],"wp:featuredmedia":[{"embeddable":true,"href":"https:\/\/produktumgeneral.hu\/de\/wp-json\/wp\/v2\/media\/1537"}],"wp:attachment":[{"href":"https:\/\/produktumgeneral.hu\/de\/wp-json\/wp\/v2\/media?parent=1560"}],"wp:term":[{"taxonomy":"product_brand","embeddable":true,"href":"https:\/\/produktumgeneral.hu\/de\/wp-json\/wp\/v2\/product_brand?post=1560"},{"taxonomy":"product_cat","embeddable":true,"href":"https:\/\/produktumgeneral.hu\/de\/wp-json\/wp\/v2\/product_cat?post=1560"},{"taxonomy":"product_tag","embeddable":true,"href":"https:\/\/produktumgeneral.hu\/de\/wp-json\/wp\/v2\/product_tag?post=1560"}],"curies":[{"name":"wp","href":"https:\/\/api.w.org\/{rel}","templated":true}]}}