{"id":1557,"date":"2022-09-06T22:02:56","date_gmt":"2022-09-06T20:02:56","guid":{"rendered":"https:\/\/produktumgeneral.hu\/?post_type=product&#038;p=1557"},"modified":"2022-09-11T14:17:04","modified_gmt":"2022-09-11T12:17:04","slug":"alacsony-fekvotamaszozo","status":"publish","type":"product","link":"https:\/\/produktumgeneral.hu\/de\/produkt\/alacsony-fekvotamaszozo\/","title":{"rendered":"Niedriger Liegest\u00fctz St\u00e4nder"},"content":{"rendered":"<p>Der niedrige Liegest\u00fctz ist eine niedrigere, horizontale Stange, die f\u00fcr erh\u00f6hte Liegest\u00fctze und Spr\u00fcnge verwendet werden kann. Um ein noch funktionelleres Training zu erreichen, k\u00f6nnen die beiden \u00dcbungen miteinander kombiniert werden. Zum Beispiel: ein Liegest\u00fctz \u2192 \u00fcber die Stange springen \u2192 Liegest\u00fctze auf der anderen Seite \u2192 \u00fcber die Stange springen.<\/p>","protected":false},"excerpt":{"rendered":"[et_pb_section global_module=\"1801\"][\/et_pb_section]","protected":false},"featured_media":1552,"template":"","meta":{"_et_pb_use_builder":"","_et_pb_old_content":"","_et_gb_content_width":""},"product_brand":[],"product_cat":[45],"product_tag":[],"class_list":{"0":"post-1557","1":"product","2":"type-product","3":"status-publish","4":"has-post-thumbnail","6":"product_cat-street-workout-elemek","8":"first","9":"instock","10":"taxable","11":"shipping-taxable","12":"purchasable","13":"product-type-simple"},"yoast_head":"<!-- This site is optimized with the Yoast SEO plugin v27.5 - https:\/\/yoast.com\/product\/yoast-seo-wordpress\/ -->\n<title>Alacsony fekv\u0151t\u00e1maszoz\u00f3 - Produktum Gener\u00e1l Kft.<\/title>\n<meta name=\"robots\" content=\"index, follow, max-snippet:-1, max-image-preview:large, max-video-preview:-1\" \/>\n<link rel=\"canonical\" href=\"https:\/\/produktumgeneral.hu\/de\/produkt\/alacsony-fekvotamaszozo\/\" \/>\n<meta property=\"og:locale\" content=\"de_DE\" \/>\n<meta property=\"og:type\" content=\"article\" \/>\n<meta property=\"og:title\" content=\"Alacsony fekv\u0151t\u00e1maszoz\u00f3 - Produktum Gener\u00e1l Kft.\" \/>\n<meta property=\"og:url\" content=\"https:\/\/produktumgeneral.hu\/de\/produkt\/alacsony-fekvotamaszozo\/\" \/>\n<meta property=\"og:site_name\" content=\"Produktum Gener\u00e1l Kft.\" \/>\n<meta property=\"article:modified_time\" content=\"2022-09-11T12:17:04+00:00\" \/>\n<meta property=\"og:image\" content=\"https:\/\/produktumgeneral.hu\/wp-content\/uploads\/2022\/09\/alacsony.jpg\" \/>\n\t<meta property=\"og:image:width\" content=\"1636\" \/>\n\t<meta property=\"og:image:height\" content=\"1405\" \/>\n\t<meta property=\"og:image:type\" content=\"image\/jpeg\" \/>\n<meta name=\"twitter:card\" content=\"summary_large_image\" \/>\n<meta name=\"twitter:description\" content=\"[dondivi_layout id=&quot;1801&quot;]\" \/>\n<meta name=\"twitter:label1\" content=\"Gesch\u00e4tzte Lesezeit\" \/>\n\t<meta name=\"twitter:data1\" content=\"1\u00a0Minute\" \/>\n<script type=\"application\/ld+json\" class=\"yoast-schema-graph\">{\"@context\":\"https:\\\/\\\/schema.org\",\"@graph\":[{\"@type\":\"WebPage\",\"@id\":\"https:\\\/\\\/produktumgeneral.hu\\\/termek\\\/alacsony-fekvotamaszozo\\\/\",\"url\":\"https:\\\/\\\/produktumgeneral.hu\\\/termek\\\/alacsony-fekvotamaszozo\\\/\",\"name\":\"Alacsony fekv\u0151t\u00e1maszoz\u00f3 - Produktum Gener\u00e1l Kft.\",\"isPartOf\":{\"@id\":\"https:\\\/\\\/produktumgeneral.hu\\\/#website\"},\"primaryImageOfPage\":{\"@id\":\"https:\\\/\\\/produktumgeneral.hu\\\/termek\\\/alacsony-fekvotamaszozo\\\/#primaryimage\"},\"image\":{\"@id\":\"https:\\\/\\\/produktumgeneral.hu\\\/termek\\\/alacsony-fekvotamaszozo\\\/#primaryimage\"},\"thumbnailUrl\":\"https:\\\/\\\/produktumgeneral.hu\\\/wp-content\\\/uploads\\\/2022\\\/09\\\/alacsony.jpg\",\"datePublished\":\"2022-09-06T20:02:56+00:00\",\"dateModified\":\"2022-09-11T12:17:04+00:00\",\"breadcrumb\":{\"@id\":\"https:\\\/\\\/produktumgeneral.hu\\\/termek\\\/alacsony-fekvotamaszozo\\\/#breadcrumb\"},\"inLanguage\":\"de\",\"potentialAction\":[{\"@type\":\"ReadAction\",\"target\":[\"https:\\\/\\\/produktumgeneral.hu\\\/termek\\\/alacsony-fekvotamaszozo\\\/\"]}]},{\"@type\":\"ImageObject\",\"inLanguage\":\"de\",\"@id\":\"https:\\\/\\\/produktumgeneral.hu\\\/termek\\\/alacsony-fekvotamaszozo\\\/#primaryimage\",\"url\":\"https:\\\/\\\/produktumgeneral.hu\\\/wp-content\\\/uploads\\\/2022\\\/09\\\/alacsony.jpg\",\"contentUrl\":\"https:\\\/\\\/produktumgeneral.hu\\\/wp-content\\\/uploads\\\/2022\\\/09\\\/alacsony.jpg\",\"width\":1636,\"height\":1405},{\"@type\":\"BreadcrumbList\",\"@id\":\"https:\\\/\\\/produktumgeneral.hu\\\/termek\\\/alacsony-fekvotamaszozo\\\/#breadcrumb\",\"itemListElement\":[{\"@type\":\"ListItem\",\"position\":1,\"name\":\"Home\",\"item\":\"https:\\\/\\\/produktumgeneral.hu\\\/\"},{\"@type\":\"ListItem\",\"position\":2,\"name\":\"Term\u00e9keink\",\"item\":\"https:\\\/\\\/produktumgeneral.hu\\\/termekeink\\\/\"},{\"@type\":\"ListItem\",\"position\":3,\"name\":\"Alacsony fekv\u0151t\u00e1maszoz\u00f3\"}]},{\"@type\":\"WebSite\",\"@id\":\"https:\\\/\\\/produktumgeneral.hu\\\/#website\",\"url\":\"https:\\\/\\\/produktumgeneral.hu\\\/\",\"name\":\"Produktum Gener\u00e1l Kft.\",\"description\":\"Tapasztalt szakember csapattal az \u00d6n\u00f6k szolg\u00e1lat\u00e1ban. -- TERVEZ\u00dcNK-\u00c9P\u00cdT\u00dcNK-FEL\u00daJ\u00cdTUNK  --\",\"potentialAction\":[{\"@type\":\"SearchAction\",\"target\":{\"@type\":\"EntryPoint\",\"urlTemplate\":\"https:\\\/\\\/produktumgeneral.hu\\\/?s={search_term_string}\"},\"query-input\":{\"@type\":\"PropertyValueSpecification\",\"valueRequired\":true,\"valueName\":\"search_term_string\"}}],\"inLanguage\":\"de\"}]}<\/script>\n<!-- \/ Yoast SEO plugin. -->","yoast_head_json":{"title":"Alacsony fekv\u0151t\u00e1maszoz\u00f3 - Produktum Gener\u00e1l Kft.","robots":{"index":"index","follow":"follow","max-snippet":"max-snippet:-1","max-image-preview":"max-image-preview:large","max-video-preview":"max-video-preview:-1"},"canonical":"https:\/\/produktumgeneral.hu\/de\/produkt\/alacsony-fekvotamaszozo\/","og_locale":"de_DE","og_type":"article","og_title":"Alacsony fekv\u0151t\u00e1maszoz\u00f3 - Produktum Gener\u00e1l Kft.","og_url":"https:\/\/produktumgeneral.hu\/de\/produkt\/alacsony-fekvotamaszozo\/","og_site_name":"Produktum Gener\u00e1l Kft.","article_modified_time":"2022-09-11T12:17:04+00:00","og_image":[{"width":1636,"height":1405,"url":"https:\/\/produktumgeneral.hu\/wp-content\/uploads\/2022\/09\/alacsony.jpg","type":"image\/jpeg"}],"twitter_card":"summary_large_image","twitter_description":"[dondivi_layout id=\"1801\"]","twitter_misc":{"Gesch\u00e4tzte Lesezeit":"1\u00a0Minute"},"schema":{"@context":"https:\/\/schema.org","@graph":[{"@type":"WebPage","@id":"https:\/\/produktumgeneral.hu\/termek\/alacsony-fekvotamaszozo\/","url":"https:\/\/produktumgeneral.hu\/termek\/alacsony-fekvotamaszozo\/","name":"Alacsony fekv\u0151t\u00e1maszoz\u00f3 - Produktum Gener\u00e1l Kft.","isPartOf":{"@id":"https:\/\/produktumgeneral.hu\/#website"},"primaryImageOfPage":{"@id":"https:\/\/produktumgeneral.hu\/termek\/alacsony-fekvotamaszozo\/#primaryimage"},"image":{"@id":"https:\/\/produktumgeneral.hu\/termek\/alacsony-fekvotamaszozo\/#primaryimage"},"thumbnailUrl":"https:\/\/produktumgeneral.hu\/wp-content\/uploads\/2022\/09\/alacsony.jpg","datePublished":"2022-09-06T20:02:56+00:00","dateModified":"2022-09-11T12:17:04+00:00","breadcrumb":{"@id":"https:\/\/produktumgeneral.hu\/termek\/alacsony-fekvotamaszozo\/#breadcrumb"},"inLanguage":"de","potentialAction":[{"@type":"ReadAction","target":["https:\/\/produktumgeneral.hu\/termek\/alacsony-fekvotamaszozo\/"]}]},{"@type":"ImageObject","inLanguage":"de","@id":"https:\/\/produktumgeneral.hu\/termek\/alacsony-fekvotamaszozo\/#primaryimage","url":"https:\/\/produktumgeneral.hu\/wp-content\/uploads\/2022\/09\/alacsony.jpg","contentUrl":"https:\/\/produktumgeneral.hu\/wp-content\/uploads\/2022\/09\/alacsony.jpg","width":1636,"height":1405},{"@type":"BreadcrumbList","@id":"https:\/\/produktumgeneral.hu\/termek\/alacsony-fekvotamaszozo\/#breadcrumb","itemListElement":[{"@type":"ListItem","position":1,"name":"Home","item":"https:\/\/produktumgeneral.hu\/"},{"@type":"ListItem","position":2,"name":"Term\u00e9keink","item":"https:\/\/produktumgeneral.hu\/termekeink\/"},{"@type":"ListItem","position":3,"name":"Alacsony fekv\u0151t\u00e1maszoz\u00f3"}]},{"@type":"WebSite","@id":"https:\/\/produktumgeneral.hu\/#website","url":"https:\/\/produktumgeneral.hu\/","name":"Produktum Gener\u00e1l GmbH.","description":"Tapasztalt szakember csapattal az \u00d6n\u00f6k szolg\u00e1lat\u00e1ban. -- TERVEZ\u00dcNK-\u00c9P\u00cdT\u00dcNK-FEL\u00daJ\u00cdTUNK  --","potentialAction":[{"@type":"SearchAction","target":{"@type":"EntryPoint","urlTemplate":"https:\/\/produktumgeneral.hu\/?s={search_term_string}"},"query-input":{"@type":"PropertyValueSpecification","valueRequired":true,"valueName":"search_term_string"}}],"inLanguage":"de"}]}},"_links":{"self":[{"href":"https:\/\/produktumgeneral.hu\/de\/wp-json\/wp\/v2\/product\/1557","targetHints":{"allow":["GET"]}}],"collection":[{"href":"https:\/\/produktumgeneral.hu\/de\/wp-json\/wp\/v2\/product"}],"about":[{"href":"https:\/\/produktumgeneral.hu\/de\/wp-json\/wp\/v2\/types\/product"}],"wp:featuredmedia":[{"embeddable":true,"href":"https:\/\/produktumgeneral.hu\/de\/wp-json\/wp\/v2\/media\/1552"}],"wp:attachment":[{"href":"https:\/\/produktumgeneral.hu\/de\/wp-json\/wp\/v2\/media?parent=1557"}],"wp:term":[{"taxonomy":"product_brand","embeddable":true,"href":"https:\/\/produktumgeneral.hu\/de\/wp-json\/wp\/v2\/product_brand?post=1557"},{"taxonomy":"product_cat","embeddable":true,"href":"https:\/\/produktumgeneral.hu\/de\/wp-json\/wp\/v2\/product_cat?post=1557"},{"taxonomy":"product_tag","embeddable":true,"href":"https:\/\/produktumgeneral.hu\/de\/wp-json\/wp\/v2\/product_tag?post=1557"}],"curies":[{"name":"wp","href":"https:\/\/api.w.org\/{rel}","templated":true}]}}