{"id":1555,"date":"2022-09-06T22:00:05","date_gmt":"2022-09-06T20:00:05","guid":{"rendered":"https:\/\/produktumgeneral.hu\/?post_type=product&#038;p=1555"},"modified":"2022-09-08T19:35:21","modified_gmt":"2022-09-08T17:35:21","slug":"magas-lepegeto","status":"publish","type":"product","link":"https:\/\/produktumgeneral.hu\/de\/produkt\/magas-lepegeto\/","title":{"rendered":"Hoher Stepper"},"content":{"rendered":"<p>K\u00f6zepes ugr\u00e1sokhoz alkalmas dobog\u00f3, mely haszn\u00e1lhat\u00f3 mind nagy sebess\u00e9g\u0171 ugr\u00e1shoz, mind lassabb l\u00e9p\u00e9sekhez egyar\u00e1nt. Az ugr\u00e1s ugyancsak emeli a pulzussz\u00e1mot \u00e9s er\u0151s\u00edti a l\u00e1bizmokat \u00e9s a csontokat is. Alkalmas seg\u00e9dezk\u00f6ze lehet a t\u00e9rdprobl\u00e9m\u00e1kkal k\u00fczd\u0151knek. Haszn\u00e1lata: Tartsa a s\u00falyt a sarkon, \u00fagy hogy az als\u00f3 l\u00e1bsz\u00e1r legyen f\u00fcgg\u0151leges, amennyire csak lehet, majd a t\u00e9rd\u00e9t nyomja mindig kifel\u00e9. Az eszk\u00f6z magas\u00edtott fekv\u0151t\u00e1maszokhoz \u00e9s mer\u00fcl\u00e9sekhez is egyar\u00e1nt haszn\u00e1lhat\u00f3.<\/p>","protected":false},"excerpt":{"rendered":"[et_pb_section global_module=\"1854\"][\/et_pb_section]","protected":false},"featured_media":1538,"template":"","meta":{"_et_pb_use_builder":"","_et_pb_old_content":"","_et_gb_content_width":""},"product_brand":[],"product_cat":[45],"product_tag":[],"class_list":{"0":"post-1555","1":"product","2":"type-product","3":"status-publish","4":"has-post-thumbnail","6":"product_cat-street-workout-elemek","8":"first","9":"instock","10":"taxable","11":"shipping-taxable","12":"purchasable","13":"product-type-simple"},"yoast_head":"<!-- This site is optimized with the Yoast SEO plugin v27.5 - https:\/\/yoast.com\/product\/yoast-seo-wordpress\/ -->\n<title>Magas l\u00e9peget\u0151 - Produktum Gener\u00e1l Kft.<\/title>\n<meta name=\"robots\" content=\"index, follow, max-snippet:-1, max-image-preview:large, max-video-preview:-1\" \/>\n<link rel=\"canonical\" href=\"https:\/\/produktumgeneral.hu\/de\/produkt\/magas-lepegeto\/\" \/>\n<meta property=\"og:locale\" content=\"de_DE\" \/>\n<meta property=\"og:type\" content=\"article\" \/>\n<meta property=\"og:title\" content=\"Magas l\u00e9peget\u0151 - Produktum Gener\u00e1l Kft.\" \/>\n<meta property=\"og:url\" content=\"https:\/\/produktumgeneral.hu\/de\/produkt\/magas-lepegeto\/\" \/>\n<meta property=\"og:site_name\" content=\"Produktum Gener\u00e1l Kft.\" \/>\n<meta property=\"article:modified_time\" content=\"2022-09-08T17:35:21+00:00\" \/>\n<meta property=\"og:image\" content=\"https:\/\/produktumgeneral.hu\/wp-content\/uploads\/2022\/09\/12.-magas-lepegeto-jpg.jpg\" \/>\n\t<meta property=\"og:image:width\" content=\"2145\" \/>\n\t<meta property=\"og:image:height\" content=\"2447\" \/>\n\t<meta property=\"og:image:type\" content=\"image\/jpeg\" \/>\n<meta name=\"twitter:card\" content=\"summary_large_image\" \/>\n<meta name=\"twitter:description\" content=\"[dondivi_layout id=&quot;1854&quot;]\" \/>\n<meta name=\"twitter:label1\" content=\"Gesch\u00e4tzte Lesezeit\" \/>\n\t<meta name=\"twitter:data1\" content=\"1\u00a0Minute\" \/>\n<script type=\"application\/ld+json\" class=\"yoast-schema-graph\">{\"@context\":\"https:\\\/\\\/schema.org\",\"@graph\":[{\"@type\":\"WebPage\",\"@id\":\"https:\\\/\\\/produktumgeneral.hu\\\/termek\\\/magas-lepegeto\\\/\",\"url\":\"https:\\\/\\\/produktumgeneral.hu\\\/termek\\\/magas-lepegeto\\\/\",\"name\":\"Magas l\u00e9peget\u0151 - Produktum Gener\u00e1l Kft.\",\"isPartOf\":{\"@id\":\"https:\\\/\\\/produktumgeneral.hu\\\/#website\"},\"primaryImageOfPage\":{\"@id\":\"https:\\\/\\\/produktumgeneral.hu\\\/termek\\\/magas-lepegeto\\\/#primaryimage\"},\"image\":{\"@id\":\"https:\\\/\\\/produktumgeneral.hu\\\/termek\\\/magas-lepegeto\\\/#primaryimage\"},\"thumbnailUrl\":\"https:\\\/\\\/produktumgeneral.hu\\\/wp-content\\\/uploads\\\/2022\\\/09\\\/12.-magas-lepegeto-jpg.jpg\",\"datePublished\":\"2022-09-06T20:00:05+00:00\",\"dateModified\":\"2022-09-08T17:35:21+00:00\",\"breadcrumb\":{\"@id\":\"https:\\\/\\\/produktumgeneral.hu\\\/termek\\\/magas-lepegeto\\\/#breadcrumb\"},\"inLanguage\":\"de\",\"potentialAction\":[{\"@type\":\"ReadAction\",\"target\":[\"https:\\\/\\\/produktumgeneral.hu\\\/termek\\\/magas-lepegeto\\\/\"]}]},{\"@type\":\"ImageObject\",\"inLanguage\":\"de\",\"@id\":\"https:\\\/\\\/produktumgeneral.hu\\\/termek\\\/magas-lepegeto\\\/#primaryimage\",\"url\":\"https:\\\/\\\/produktumgeneral.hu\\\/wp-content\\\/uploads\\\/2022\\\/09\\\/12.-magas-lepegeto-jpg.jpg\",\"contentUrl\":\"https:\\\/\\\/produktumgeneral.hu\\\/wp-content\\\/uploads\\\/2022\\\/09\\\/12.-magas-lepegeto-jpg.jpg\",\"width\":2145,\"height\":2447},{\"@type\":\"BreadcrumbList\",\"@id\":\"https:\\\/\\\/produktumgeneral.hu\\\/termek\\\/magas-lepegeto\\\/#breadcrumb\",\"itemListElement\":[{\"@type\":\"ListItem\",\"position\":1,\"name\":\"Home\",\"item\":\"https:\\\/\\\/produktumgeneral.hu\\\/\"},{\"@type\":\"ListItem\",\"position\":2,\"name\":\"Term\u00e9keink\",\"item\":\"https:\\\/\\\/produktumgeneral.hu\\\/termekeink\\\/\"},{\"@type\":\"ListItem\",\"position\":3,\"name\":\"Magas l\u00e9peget\u0151\"}]},{\"@type\":\"WebSite\",\"@id\":\"https:\\\/\\\/produktumgeneral.hu\\\/#website\",\"url\":\"https:\\\/\\\/produktumgeneral.hu\\\/\",\"name\":\"Produktum Gener\u00e1l Kft.\",\"description\":\"Tapasztalt szakember csapattal az \u00d6n\u00f6k szolg\u00e1lat\u00e1ban. -- TERVEZ\u00dcNK-\u00c9P\u00cdT\u00dcNK-FEL\u00daJ\u00cdTUNK  --\",\"potentialAction\":[{\"@type\":\"SearchAction\",\"target\":{\"@type\":\"EntryPoint\",\"urlTemplate\":\"https:\\\/\\\/produktumgeneral.hu\\\/?s={search_term_string}\"},\"query-input\":{\"@type\":\"PropertyValueSpecification\",\"valueRequired\":true,\"valueName\":\"search_term_string\"}}],\"inLanguage\":\"de\"}]}<\/script>\n<!-- \/ Yoast SEO plugin. -->","yoast_head_json":{"title":"Magas l\u00e9peget\u0151 - Produktum Gener\u00e1l Kft.","robots":{"index":"index","follow":"follow","max-snippet":"max-snippet:-1","max-image-preview":"max-image-preview:large","max-video-preview":"max-video-preview:-1"},"canonical":"https:\/\/produktumgeneral.hu\/de\/produkt\/magas-lepegeto\/","og_locale":"de_DE","og_type":"article","og_title":"Magas l\u00e9peget\u0151 - Produktum Gener\u00e1l Kft.","og_url":"https:\/\/produktumgeneral.hu\/de\/produkt\/magas-lepegeto\/","og_site_name":"Produktum Gener\u00e1l Kft.","article_modified_time":"2022-09-08T17:35:21+00:00","og_image":[{"width":2145,"height":2447,"url":"https:\/\/produktumgeneral.hu\/wp-content\/uploads\/2022\/09\/12.-magas-lepegeto-jpg.jpg","type":"image\/jpeg"}],"twitter_card":"summary_large_image","twitter_description":"[dondivi_layout id=\"1854\"]","twitter_misc":{"Gesch\u00e4tzte Lesezeit":"1\u00a0Minute"},"schema":{"@context":"https:\/\/schema.org","@graph":[{"@type":"WebPage","@id":"https:\/\/produktumgeneral.hu\/termek\/magas-lepegeto\/","url":"https:\/\/produktumgeneral.hu\/termek\/magas-lepegeto\/","name":"Magas l\u00e9peget\u0151 - Produktum Gener\u00e1l Kft.","isPartOf":{"@id":"https:\/\/produktumgeneral.hu\/#website"},"primaryImageOfPage":{"@id":"https:\/\/produktumgeneral.hu\/termek\/magas-lepegeto\/#primaryimage"},"image":{"@id":"https:\/\/produktumgeneral.hu\/termek\/magas-lepegeto\/#primaryimage"},"thumbnailUrl":"https:\/\/produktumgeneral.hu\/wp-content\/uploads\/2022\/09\/12.-magas-lepegeto-jpg.jpg","datePublished":"2022-09-06T20:00:05+00:00","dateModified":"2022-09-08T17:35:21+00:00","breadcrumb":{"@id":"https:\/\/produktumgeneral.hu\/termek\/magas-lepegeto\/#breadcrumb"},"inLanguage":"de","potentialAction":[{"@type":"ReadAction","target":["https:\/\/produktumgeneral.hu\/termek\/magas-lepegeto\/"]}]},{"@type":"ImageObject","inLanguage":"de","@id":"https:\/\/produktumgeneral.hu\/termek\/magas-lepegeto\/#primaryimage","url":"https:\/\/produktumgeneral.hu\/wp-content\/uploads\/2022\/09\/12.-magas-lepegeto-jpg.jpg","contentUrl":"https:\/\/produktumgeneral.hu\/wp-content\/uploads\/2022\/09\/12.-magas-lepegeto-jpg.jpg","width":2145,"height":2447},{"@type":"BreadcrumbList","@id":"https:\/\/produktumgeneral.hu\/termek\/magas-lepegeto\/#breadcrumb","itemListElement":[{"@type":"ListItem","position":1,"name":"Home","item":"https:\/\/produktumgeneral.hu\/"},{"@type":"ListItem","position":2,"name":"Term\u00e9keink","item":"https:\/\/produktumgeneral.hu\/termekeink\/"},{"@type":"ListItem","position":3,"name":"Magas l\u00e9peget\u0151"}]},{"@type":"WebSite","@id":"https:\/\/produktumgeneral.hu\/#website","url":"https:\/\/produktumgeneral.hu\/","name":"Produktum Gener\u00e1l GmbH.","description":"Tapasztalt szakember csapattal az \u00d6n\u00f6k szolg\u00e1lat\u00e1ban. -- TERVEZ\u00dcNK-\u00c9P\u00cdT\u00dcNK-FEL\u00daJ\u00cdTUNK  --","potentialAction":[{"@type":"SearchAction","target":{"@type":"EntryPoint","urlTemplate":"https:\/\/produktumgeneral.hu\/?s={search_term_string}"},"query-input":{"@type":"PropertyValueSpecification","valueRequired":true,"valueName":"search_term_string"}}],"inLanguage":"de"}]}},"_links":{"self":[{"href":"https:\/\/produktumgeneral.hu\/de\/wp-json\/wp\/v2\/product\/1555","targetHints":{"allow":["GET"]}}],"collection":[{"href":"https:\/\/produktumgeneral.hu\/de\/wp-json\/wp\/v2\/product"}],"about":[{"href":"https:\/\/produktumgeneral.hu\/de\/wp-json\/wp\/v2\/types\/product"}],"wp:featuredmedia":[{"embeddable":true,"href":"https:\/\/produktumgeneral.hu\/de\/wp-json\/wp\/v2\/media\/1538"}],"wp:attachment":[{"href":"https:\/\/produktumgeneral.hu\/de\/wp-json\/wp\/v2\/media?parent=1555"}],"wp:term":[{"taxonomy":"product_brand","embeddable":true,"href":"https:\/\/produktumgeneral.hu\/de\/wp-json\/wp\/v2\/product_brand?post=1555"},{"taxonomy":"product_cat","embeddable":true,"href":"https:\/\/produktumgeneral.hu\/de\/wp-json\/wp\/v2\/product_cat?post=1555"},{"taxonomy":"product_tag","embeddable":true,"href":"https:\/\/produktumgeneral.hu\/de\/wp-json\/wp\/v2\/product_tag?post=1555"}],"curies":[{"name":"wp","href":"https:\/\/api.w.org\/{rel}","templated":true}]}}