{"id":1417,"date":"2022-09-01T08:54:06","date_gmt":"2022-09-01T06:54:06","guid":{"rendered":"https:\/\/produktumgeneral.hu\/uzlet\/"},"modified":"2022-09-01T08:54:06","modified_gmt":"2022-09-01T06:54:06","slug":"uzlet","status":"publish","type":"page","link":"https:\/\/produktumgeneral.hu\/de\/uzlet\/","title":{"rendered":"\u00dczlet"},"content":{"rendered":"","protected":false},"excerpt":{"rendered":"","protected":false},"author":1,"featured_media":0,"parent":0,"menu_order":0,"comment_status":"closed","ping_status":"closed","template":"","meta":{"_et_pb_use_builder":"","_et_pb_old_content":"","_et_gb_content_width":"","footnotes":""},"class_list":["post-1417","page","type-page","status-publish","hentry"],"yoast_head":"<!-- This site is optimized with the Yoast SEO plugin v27.5 - https:\/\/yoast.com\/product\/yoast-seo-wordpress\/ -->\n<title>\u00dczlet - Produktum Gener\u00e1l Kft.<\/title>\n<meta name=\"robots\" content=\"index, follow, max-snippet:-1, max-image-preview:large, max-video-preview:-1\" \/>\n<link rel=\"canonical\" href=\"https:\/\/produktumgeneral.hu\/de\/uzlet\/\" \/>\n<meta property=\"og:locale\" content=\"de_DE\" \/>\n<meta property=\"og:type\" content=\"article\" \/>\n<meta property=\"og:title\" content=\"\u00dczlet - Produktum Gener\u00e1l Kft.\" \/>\n<meta property=\"og:url\" content=\"https:\/\/produktumgeneral.hu\/de\/uzlet\/\" \/>\n<meta property=\"og:site_name\" content=\"Produktum Gener\u00e1l Kft.\" \/>\n<meta name=\"twitter:card\" content=\"summary_large_image\" \/>\n<script type=\"application\/ld+json\" class=\"yoast-schema-graph\">{\"@context\":\"https:\\\/\\\/schema.org\",\"@graph\":[{\"@type\":\"WebPage\",\"@id\":\"https:\\\/\\\/produktumgeneral.hu\\\/uzlet\\\/\",\"url\":\"https:\\\/\\\/produktumgeneral.hu\\\/uzlet\\\/\",\"name\":\"\u00dczlet - Produktum Gener\u00e1l Kft.\",\"isPartOf\":{\"@id\":\"https:\\\/\\\/produktumgeneral.hu\\\/#website\"},\"datePublished\":\"2022-09-01T06:54:06+00:00\",\"breadcrumb\":{\"@id\":\"https:\\\/\\\/produktumgeneral.hu\\\/uzlet\\\/#breadcrumb\"},\"inLanguage\":\"de\",\"potentialAction\":[{\"@type\":\"ReadAction\",\"target\":[\"https:\\\/\\\/produktumgeneral.hu\\\/uzlet\\\/\"]}]},{\"@type\":\"BreadcrumbList\",\"@id\":\"https:\\\/\\\/produktumgeneral.hu\\\/uzlet\\\/#breadcrumb\",\"itemListElement\":[{\"@type\":\"ListItem\",\"position\":1,\"name\":\"Home\",\"item\":\"https:\\\/\\\/produktumgeneral.hu\\\/\"},{\"@type\":\"ListItem\",\"position\":2,\"name\":\"\u00dczlet\"}]},{\"@type\":\"WebSite\",\"@id\":\"https:\\\/\\\/produktumgeneral.hu\\\/#website\",\"url\":\"https:\\\/\\\/produktumgeneral.hu\\\/\",\"name\":\"Produktum Gener\u00e1l Kft.\",\"description\":\"Tapasztalt szakember csapattal az \u00d6n\u00f6k szolg\u00e1lat\u00e1ban. -- TERVEZ\u00dcNK-\u00c9P\u00cdT\u00dcNK-FEL\u00daJ\u00cdTUNK  --\",\"potentialAction\":[{\"@type\":\"SearchAction\",\"target\":{\"@type\":\"EntryPoint\",\"urlTemplate\":\"https:\\\/\\\/produktumgeneral.hu\\\/?s={search_term_string}\"},\"query-input\":{\"@type\":\"PropertyValueSpecification\",\"valueRequired\":true,\"valueName\":\"search_term_string\"}}],\"inLanguage\":\"de\"}]}<\/script>\n<!-- \/ Yoast SEO plugin. -->","yoast_head_json":{"title":"\u00dczlet - Produktum Gener\u00e1l Kft.","robots":{"index":"index","follow":"follow","max-snippet":"max-snippet:-1","max-image-preview":"max-image-preview:large","max-video-preview":"max-video-preview:-1"},"canonical":"https:\/\/produktumgeneral.hu\/de\/uzlet\/","og_locale":"de_DE","og_type":"article","og_title":"\u00dczlet - Produktum Gener\u00e1l Kft.","og_url":"https:\/\/produktumgeneral.hu\/de\/uzlet\/","og_site_name":"Produktum Gener\u00e1l Kft.","twitter_card":"summary_large_image","schema":{"@context":"https:\/\/schema.org","@graph":[{"@type":"WebPage","@id":"https:\/\/produktumgeneral.hu\/uzlet\/","url":"https:\/\/produktumgeneral.hu\/uzlet\/","name":"\u00dczlet - Produktum Gener\u00e1l Kft.","isPartOf":{"@id":"https:\/\/produktumgeneral.hu\/#website"},"datePublished":"2022-09-01T06:54:06+00:00","breadcrumb":{"@id":"https:\/\/produktumgeneral.hu\/uzlet\/#breadcrumb"},"inLanguage":"de","potentialAction":[{"@type":"ReadAction","target":["https:\/\/produktumgeneral.hu\/uzlet\/"]}]},{"@type":"BreadcrumbList","@id":"https:\/\/produktumgeneral.hu\/uzlet\/#breadcrumb","itemListElement":[{"@type":"ListItem","position":1,"name":"Home","item":"https:\/\/produktumgeneral.hu\/"},{"@type":"ListItem","position":2,"name":"\u00dczlet"}]},{"@type":"WebSite","@id":"https:\/\/produktumgeneral.hu\/#website","url":"https:\/\/produktumgeneral.hu\/","name":"Produktum Gener\u00e1l GmbH.","description":"Tapasztalt szakember csapattal az \u00d6n\u00f6k szolg\u00e1lat\u00e1ban. -- TERVEZ\u00dcNK-\u00c9P\u00cdT\u00dcNK-FEL\u00daJ\u00cdTUNK  --","potentialAction":[{"@type":"SearchAction","target":{"@type":"EntryPoint","urlTemplate":"https:\/\/produktumgeneral.hu\/?s={search_term_string}"},"query-input":{"@type":"PropertyValueSpecification","valueRequired":true,"valueName":"search_term_string"}}],"inLanguage":"de"}]}},"_links":{"self":[{"href":"https:\/\/produktumgeneral.hu\/de\/wp-json\/wp\/v2\/pages\/1417","targetHints":{"allow":["GET"]}}],"collection":[{"href":"https:\/\/produktumgeneral.hu\/de\/wp-json\/wp\/v2\/pages"}],"about":[{"href":"https:\/\/produktumgeneral.hu\/de\/wp-json\/wp\/v2\/types\/page"}],"author":[{"embeddable":true,"href":"https:\/\/produktumgeneral.hu\/de\/wp-json\/wp\/v2\/users\/1"}],"replies":[{"embeddable":true,"href":"https:\/\/produktumgeneral.hu\/de\/wp-json\/wp\/v2\/comments?post=1417"}],"version-history":[{"count":0,"href":"https:\/\/produktumgeneral.hu\/de\/wp-json\/wp\/v2\/pages\/1417\/revisions"}],"wp:attachment":[{"href":"https:\/\/produktumgeneral.hu\/de\/wp-json\/wp\/v2\/media?parent=1417"}],"curies":[{"name":"wp","href":"https:\/\/api.w.org\/{rel}","templated":true}]}}